{"id":1534,"date":"2022-06-22T18:07:53","date_gmt":"2022-06-22T16:07:53","guid":{"rendered":"https:\/\/happykayak.com\/?page_id=1534"},"modified":"2022-06-27T18:01:16","modified_gmt":"2022-06-27T16:01:16","slug":"cookies-policy","status":"publish","type":"page","link":"https:\/\/happykayak.com\/en\/politica-de-cookies\/","title":{"rendered":"Cookie Policy"},"content":{"rendered":"<div data-elementor-type=\"wp-page\" data-elementor-id=\"1534\" class=\"elementor elementor-1534\">\n\t\t\t\t\t\t<section class=\"elementor-section elementor-top-section elementor-element elementor-element-5019e3a elementor-section-boxed elementor-section-height-default elementor-section-height-default\" data-id=\"5019e3a\" data-element_type=\"section\" data-e-type=\"section\">\n\t\t\t\t\t\t<div class=\"elementor-container elementor-column-gap-default\">\n\t\t\t\t\t<div class=\"elementor-column elementor-col-100 elementor-top-column elementor-element elementor-element-8174bd9\" data-id=\"8174bd9\" data-element_type=\"column\" data-e-type=\"column\">\n\t\t\t<div class=\"elementor-widget-wrap elementor-element-populated\">\n\t\t\t\t\t\t<div class=\"elementor-element elementor-element-8301d2e elementor-widget elementor-widget-heading\" data-id=\"8301d2e\" data-element_type=\"widget\" data-e-type=\"widget\" data-widget_type=\"heading.default\">\n\t\t\t\t<div class=\"elementor-widget-container\">\n\t\t\t\t\t<h2 class=\"elementor-heading-title elementor-size-default\">Cookie Policy<\/h2>\t\t\t\t<\/div>\n\t\t\t\t<\/div>\n\t\t\t\t<div class=\"elementor-element elementor-element-72db101 elementor-widget elementor-widget-text-editor\" data-id=\"72db101\" data-element_type=\"widget\" data-e-type=\"widget\" data-widget_type=\"text-editor.default\">\n\t\t\t\t<div class=\"elementor-widget-container\">\n\t\t\t\t\t\t\t\t\t<p><b>Use of Cookies<br>\n<\/b>A cookie is a small piece of text that the websites you visit send to your browser that allows the website to remember information about your visit, such as your preferred language and other choices, which can make your next visit easier and the site more useful to you. Cookies play a very important role, because without them, using the Web would be a much more frustrating experience.<\/p>\n<p><b>Types of cookies used by this website<\/b><br>\nWe use cookies for a variety of purposes, including remembering your language preferences, counting the number of visits we receive, helping you register for our services, and protecting your personal information. Some or all of the cookies identified below may be stored in your browser. In most cases the contents of the cookies are encrypted for your security and privacy.<\/p>\n<table class=\"cookies-table table table-striped cke_show_border\">\n<tbody>\n<tr>\n<th>Category of use<\/th>\n<th>Example<\/th>\n<\/tr>\n<tr>\n<td>Preferences<\/td>\n<td>\n<p>These cookies allow our websites to remember information that changes the way the site looks or behaves, such as your preferred language. These cookies also allow us to show you dates and times in your current time zone.<\/p>\n<p>All users accessing the site will have a \"language\" cookie, for example, specifying your preferred language for viewing pages.<\/p>\n<\/td>\n<\/tr>\n<tr>\n<td>Security<\/td>\n<td>\n<p>We use security cookies to authenticate users, prevent fraudulent use of login credentials and protect user data from unauthorized third parties.<\/p>\n<p>We also use these cookies to sign form submissions and prevent them from attacking our infrastructure and compromising the data you submit.<\/p>\n<p>An example of this type of cookie would be the code you have in \"XSRF-TOKEN\".<\/p>\n<\/td>\n<\/tr>\n<tr>\n<td>Processes<\/td>\n<td>\n<p>Process cookies enable the operation of the website and provide services expected by the user accessing the website. For example, they allow access to secure areas of the website or the sending of contact forms.<\/p>\n<p>Without these cookies the website cannot function properly.<\/p>\n<\/td>\n<\/tr>\n<tr>\n<td>Session status<\/td>\n<td>\n<p>Websites often collect information about how users interact with a website. This information allows us, for example, to identify you as a user or to know what error messages you have received from certain pages.<\/p>\n<p>For example, we use a cookie called \"SID\" that allows us to identify a user's account ID.<\/p>\n<\/td>\n<\/tr>\n<tr>\n<td>Analytical<\/td>\n<td>\n<p>We also use analytics tools to help us understand how visitors interact with the website. We may use a set of cookies to collect information and report website usage statistics without personally identifying visitors.&nbsp;<a href=\"https:\/\/developers.google.com\/analytics\/devguides\/collection\/analyticsjs\/cookie-usage\" target=\"_blank\" rel=\"noopener\" data-cke-saved-href=\"https:\/\/developers.google.com\/analytics\/devguides\/collection\/analyticsjs\/cookie-usage\" data-cke-saved-=\"\">Learn more about Google Analytics cookies and privacy information.<\/a><\/p>\n<\/td>\n<\/tr>\n<tr>\n<td>Advertising<\/td>\n<td>This website uses the Google Adwords remarketing tool. This tool allows us to serve ads on the Google content network based on users' previous visits to our website. To achieve this, the pages of our site include a remarketing tag that sets cookies to determine the type of ad that will be shown to the user based on their browsing of the website. Remarketing lists are stored in databases on google servers where the cooke IDs associated with each list or interest category are stored. More information about the use and how to opt out of Google's advertising cookies at&nbsp;<a href=\"http:\/\/www.google.es\/intl\/es\/policies\/technologies\/ads\/\" target=\"_blank\" rel=\"noopener\" data-cke-saved-href=\"http:\/\/www.google.es\/intl\/es\/policies\/technologies\/ads\/\" data-cke-saved-=\"\">http:\/\/www.google.es\/intl\/es\/policies\/technologies\/ads\/<\/a><\/td>\n<\/tr>\n<\/tbody>\n<\/table>\n<p><b>Revocation and deletion of cookies<\/b><\/p>\n<p>If you wish, you can delete the cookies installed on your computer by configuring your browser options. Some common browsers are listed below. If yours is not in the list consult the official help manual where you will surely find out how to perform this action.<\/p>\n\n<ul>\n<li>For more information about the Google Chrome browser <a href=\"https:\/\/support.google.com\/chrome\/answer\/2392709?hl=en&amp;visit_id=637919422958026722-1333155979&amp;rd=1\" target=\"_blank\" rel=\"noopener\">click here<\/a><\/li>\n<li>For more information about the Mozilla Firefox browser <a href=\"https:\/\/support.mozilla.org\/en-US\/kb\/enhanced-tracking-protection-firefox-desktop?redirectslug=enable-and-disable-cookies-website-preferences&amp;redirectlocale=en-US\" target=\"_blank\" rel=\"noopener\">click here<\/a><\/li>\n<li>For more information about the Apple Safari browser <a href=\"https:\/\/support.apple.com\/kb\/PH11913?locale=es_ES\" target=\"_blank\" rel=\"noopener\">click here<\/a><\/li>\n<li>For more information about the Windows Internet Explorer browser <a href=\"https:\/\/support.microsoft.com\/es-es\/windows\" target=\"_blank\" rel=\"noopener\">click here<\/a><\/li>\n<li>For more information about the Opera browser <a href=\"https:\/\/help.opera.com\/en\/latest\/web-preferences\/#cookies\" target=\"_blank\" rel=\"noopener\">click here<\/a><\/li>\n<\/ul>\n<p><b>Third-party service providers<\/b><\/p>\n<p>Some of our cookies are processed by third parties that we have contracted to provide a specific service. Below are links to the different cookie policies of each. <a href=\"https:\/\/policies.google.com\/technologies\/cookies?hl=es&amp;gl=es\" target=\"_blank\" rel=\"noopener\">Google<\/a><\/p>\t\t\t\t\t\t\t\t<\/div>\n\t\t\t\t<\/div>\n\t\t\t\t\t<\/div>\n\t\t<\/div>\n\t\t\t\t\t<\/div>\n\t\t<\/section>\n\t\t\t\t<\/div>","protected":false},"excerpt":{"rendered":"<p>Pol\u00edtica de cookies Uso de Cookies Una cookie es un peque\u00f1o fragmento de texto que los sitios web que visitas env\u00edan al navegador y que permite que el sitio web recuerde informaci\u00f3n sobre tu visita, como tu idioma preferido y otras opciones, lo que puede [&hellip;]<\/p>\n","protected":false},"author":1,"featured_media":0,"parent":0,"menu_order":0,"comment_status":"closed","ping_status":"closed","template":"","meta":{"site-sidebar-layout":"no-sidebar","site-content-layout":"page-builder","ast-site-content-layout":"default","site-content-style":"default","site-sidebar-style":"default","ast-global-header-display":"","ast-banner-title-visibility":"","ast-main-header-display":"","ast-hfb-above-header-display":"","ast-hfb-below-header-display":"","ast-hfb-mobile-header-display":"","site-post-title":"disabled","ast-breadcrumbs-content":"","ast-featured-img":"disabled","footer-sml-layout":"","ast-disable-related-posts":"","theme-transparent-header-meta":"","adv-header-id-meta":"","stick-header-meta":"","header-above-stick-meta":"","header-main-stick-meta":"","header-below-stick-meta":"","astra-migrate-meta-layouts":"default","ast-page-background-enabled":"default","ast-page-background-meta":{"desktop":{"background-color":"var(--ast-global-color-4)","background-image":"","background-repeat":"repeat","background-position":"center center","background-size":"auto","background-attachment":"scroll","background-type":"","background-media":"","overlay-type":"","overlay-color":"","overlay-opacity":"","overlay-gradient":""},"tablet":{"background-color":"","background-image":"","background-repeat":"repeat","background-position":"center center","background-size":"auto","background-attachment":"scroll","background-type":"","background-media":"","overlay-type":"","overlay-color":"","overlay-opacity":"","overlay-gradient":""},"mobile":{"background-color":"","background-image":"","background-repeat":"repeat","background-position":"center center","background-size":"auto","background-attachment":"scroll","background-type":"","background-media":"","overlay-type":"","overlay-color":"","overlay-opacity":"","overlay-gradient":""}},"ast-content-background-meta":{"desktop":{"background-color":"var(--ast-global-color-5)","background-image":"","background-repeat":"repeat","background-position":"center center","background-size":"auto","background-attachment":"scroll","background-type":"","background-media":"","overlay-type":"","overlay-color":"","overlay-opacity":"","overlay-gradient":""},"tablet":{"background-color":"var(--ast-global-color-5)","background-image":"","background-repeat":"repeat","background-position":"center center","background-size":"auto","background-attachment":"scroll","background-type":"","background-media":"","overlay-type":"","overlay-color":"","overlay-opacity":"","overlay-gradient":""},"mobile":{"background-color":"var(--ast-global-color-5)","background-image":"","background-repeat":"repeat","background-position":"center center","background-size":"auto","background-attachment":"scroll","background-type":"","background-media":"","overlay-type":"","overlay-color":"","overlay-opacity":"","overlay-gradient":""}},"footnotes":""},"class_list":["post-1534","page","type-page","status-publish","hentry"],"yoast_head":"<!-- This site is optimized with the Yoast SEO plugin v27.3 - https:\/\/yoast.com\/product\/yoast-seo-wordpress\/ -->\n<title>Pol\u00edtica de cookies - Happy Kayak<\/title>\n<meta name=\"robots\" content=\"index, follow, max-snippet:-1, max-image-preview:large, max-video-preview:-1\" \/>\n<link rel=\"canonical\" href=\"https:\/\/happykayak.com\/en\/cookies-policy\/\" \/>\n<meta property=\"og:locale\" content=\"en_US\" \/>\n<meta property=\"og:type\" content=\"article\" \/>\n<meta property=\"og:title\" content=\"Pol\u00edtica de cookies - Happy Kayak\" \/>\n<meta property=\"og:description\" content=\"Pol\u00edtica de cookies Uso de Cookies Una cookie es un peque\u00f1o fragmento de texto que los sitios web que visitas env\u00edan al navegador y que permite que el sitio web recuerde informaci\u00f3n sobre tu visita, como tu idioma preferido y otras opciones, lo que puede [&hellip;]\" \/>\n<meta property=\"og:url\" content=\"https:\/\/happykayak.com\/en\/cookies-policy\/\" \/>\n<meta property=\"og:site_name\" content=\"Happy Kayak\" \/>\n<meta property=\"article:publisher\" content=\"https:\/\/www.facebook.com\/happykayakcabodegata\" \/>\n<meta property=\"article:modified_time\" content=\"2022-06-27T16:01:16+00:00\" \/>\n<meta name=\"twitter:card\" content=\"summary_large_image\" \/>\n<meta name=\"twitter:label1\" content=\"Est. reading time\" \/>\n\t<meta name=\"twitter:data1\" content=\"4 minutes\" \/>\n<script type=\"application\/ld+json\" class=\"yoast-schema-graph\">{\"@context\":\"https:\\\/\\\/schema.org\",\"@graph\":[{\"@type\":\"WebPage\",\"@id\":\"https:\\\/\\\/happykayak.com\\\/en\\\/politica-de-cookies\\\/\",\"url\":\"https:\\\/\\\/happykayak.com\\\/en\\\/politica-de-cookies\\\/\",\"name\":\"Pol\u00edtica de cookies - Happy Kayak\",\"isPartOf\":{\"@id\":\"https:\\\/\\\/happykayak.com\\\/#website\"},\"datePublished\":\"2022-06-22T16:07:53+00:00\",\"dateModified\":\"2022-06-27T16:01:16+00:00\",\"breadcrumb\":{\"@id\":\"https:\\\/\\\/happykayak.com\\\/en\\\/politica-de-cookies\\\/#breadcrumb\"},\"inLanguage\":\"en-US\",\"potentialAction\":[{\"@type\":\"ReadAction\",\"target\":[\"https:\\\/\\\/happykayak.com\\\/en\\\/politica-de-cookies\\\/\"]}]},{\"@type\":\"BreadcrumbList\",\"@id\":\"https:\\\/\\\/happykayak.com\\\/en\\\/politica-de-cookies\\\/#breadcrumb\",\"itemListElement\":[{\"@type\":\"ListItem\",\"position\":1,\"name\":\"Portada\",\"item\":\"https:\\\/\\\/happykayak.com\\\/\"},{\"@type\":\"ListItem\",\"position\":2,\"name\":\"Pol\u00edtica de cookies\"}]},{\"@type\":\"WebSite\",\"@id\":\"https:\\\/\\\/happykayak.com\\\/#website\",\"url\":\"https:\\\/\\\/happykayak.com\\\/\",\"name\":\"Happy Kayak\",\"description\":\"\",\"publisher\":{\"@id\":\"https:\\\/\\\/happykayak.com\\\/#organization\"},\"potentialAction\":[{\"@type\":\"SearchAction\",\"target\":{\"@type\":\"EntryPoint\",\"urlTemplate\":\"https:\\\/\\\/happykayak.com\\\/?s={search_term_string}\"},\"query-input\":{\"@type\":\"PropertyValueSpecification\",\"valueRequired\":true,\"valueName\":\"search_term_string\"}}],\"inLanguage\":\"en-US\"},{\"@type\":\"Organization\",\"@id\":\"https:\\\/\\\/happykayak.com\\\/#organization\",\"name\":\"Happy Kayak Cabo de Gata\",\"url\":\"https:\\\/\\\/happykayak.com\\\/\",\"logo\":{\"@type\":\"ImageObject\",\"inLanguage\":\"en-US\",\"@id\":\"https:\\\/\\\/happykayak.com\\\/#\\\/schema\\\/logo\\\/image\\\/\",\"url\":\"https:\\\/\\\/happykayak.com\\\/wp-content\\\/uploads\\\/cropped-cropped-512x512_Happykayak.jpg\",\"contentUrl\":\"https:\\\/\\\/happykayak.com\\\/wp-content\\\/uploads\\\/cropped-cropped-512x512_Happykayak.jpg\",\"width\":512,\"height\":512,\"caption\":\"Happy Kayak Cabo de Gata\"},\"image\":{\"@id\":\"https:\\\/\\\/happykayak.com\\\/#\\\/schema\\\/logo\\\/image\\\/\"},\"sameAs\":[\"https:\\\/\\\/www.facebook.com\\\/happykayakcabodegata\",\"https:\\\/\\\/www.instagram.com\\\/happykayakcabodegata\\\/?hl=es\"]}]}<\/script>\n<!-- \/ Yoast SEO plugin. -->","yoast_head_json":{"title":"Cookie Policy - Happy Kayak","robots":{"index":"index","follow":"follow","max-snippet":"max-snippet:-1","max-image-preview":"max-image-preview:large","max-video-preview":"max-video-preview:-1"},"canonical":"https:\/\/happykayak.com\/en\/cookies-policy\/","og_locale":"en_US","og_type":"article","og_title":"Pol\u00edtica de cookies - Happy Kayak","og_description":"Pol\u00edtica de cookies Uso de Cookies Una cookie es un peque\u00f1o fragmento de texto que los sitios web que visitas env\u00edan al navegador y que permite que el sitio web recuerde informaci\u00f3n sobre tu visita, como tu idioma preferido y otras opciones, lo que puede [&hellip;]","og_url":"https:\/\/happykayak.com\/en\/cookies-policy\/","og_site_name":"Happy Kayak","article_publisher":"https:\/\/www.facebook.com\/happykayakcabodegata","article_modified_time":"2022-06-27T16:01:16+00:00","twitter_card":"summary_large_image","twitter_misc":{"Est. reading time":"4 minutes"},"schema":{"@context":"https:\/\/schema.org","@graph":[{"@type":"WebPage","@id":"https:\/\/happykayak.com\/en\/politica-de-cookies\/","url":"https:\/\/happykayak.com\/en\/politica-de-cookies\/","name":"Cookie Policy - Happy Kayak","isPartOf":{"@id":"https:\/\/happykayak.com\/#website"},"datePublished":"2022-06-22T16:07:53+00:00","dateModified":"2022-06-27T16:01:16+00:00","breadcrumb":{"@id":"https:\/\/happykayak.com\/en\/politica-de-cookies\/#breadcrumb"},"inLanguage":"en-US","potentialAction":[{"@type":"ReadAction","target":["https:\/\/happykayak.com\/en\/politica-de-cookies\/"]}]},{"@type":"BreadcrumbList","@id":"https:\/\/happykayak.com\/en\/politica-de-cookies\/#breadcrumb","itemListElement":[{"@type":"ListItem","position":1,"name":"Portada","item":"https:\/\/happykayak.com\/"},{"@type":"ListItem","position":2,"name":"Pol\u00edtica de cookies"}]},{"@type":"WebSite","@id":"https:\/\/happykayak.com\/#website","url":"https:\/\/happykayak.com\/","name":"Happy Kayak","description":"","publisher":{"@id":"https:\/\/happykayak.com\/#organization"},"potentialAction":[{"@type":"SearchAction","target":{"@type":"EntryPoint","urlTemplate":"https:\/\/happykayak.com\/?s={search_term_string}"},"query-input":{"@type":"PropertyValueSpecification","valueRequired":true,"valueName":"search_term_string"}}],"inLanguage":"en-US"},{"@type":"Organization","@id":"https:\/\/happykayak.com\/#organization","name":"Happy Kayak Cabo de Gata","url":"https:\/\/happykayak.com\/","logo":{"@type":"ImageObject","inLanguage":"en-US","@id":"https:\/\/happykayak.com\/#\/schema\/logo\/image\/","url":"https:\/\/happykayak.com\/wp-content\/uploads\/cropped-cropped-512x512_Happykayak.jpg","contentUrl":"https:\/\/happykayak.com\/wp-content\/uploads\/cropped-cropped-512x512_Happykayak.jpg","width":512,"height":512,"caption":"Happy Kayak Cabo de Gata"},"image":{"@id":"https:\/\/happykayak.com\/#\/schema\/logo\/image\/"},"sameAs":["https:\/\/www.facebook.com\/happykayakcabodegata","https:\/\/www.instagram.com\/happykayakcabodegata\/?hl=es"]}]}},"_links":{"self":[{"href":"https:\/\/happykayak.com\/en\/wp-json\/wp\/v2\/pages\/1534","targetHints":{"allow":["GET"]}}],"collection":[{"href":"https:\/\/happykayak.com\/en\/wp-json\/wp\/v2\/pages"}],"about":[{"href":"https:\/\/happykayak.com\/en\/wp-json\/wp\/v2\/types\/page"}],"author":[{"embeddable":true,"href":"https:\/\/happykayak.com\/en\/wp-json\/wp\/v2\/users\/1"}],"replies":[{"embeddable":true,"href":"https:\/\/happykayak.com\/en\/wp-json\/wp\/v2\/comments?post=1534"}],"version-history":[{"count":0,"href":"https:\/\/happykayak.com\/en\/wp-json\/wp\/v2\/pages\/1534\/revisions"}],"wp:attachment":[{"href":"https:\/\/happykayak.com\/en\/wp-json\/wp\/v2\/media?parent=1534"}],"curies":[{"name":"wp","href":"https:\/\/api.w.org\/{rel}","templated":true}]}}