{"id":37,"date":"2022-06-06T20:17:55","date_gmt":"2022-06-06T18:17:55","guid":{"rendered":"https:\/\/happykayak.com\/?page_id=37"},"modified":"2024-07-31T18:10:27","modified_gmt":"2024-07-31T16:10:27","slug":"excursions","status":"publish","type":"page","link":"https:\/\/happykayak.com\/en\/excursiones\/","title":{"rendered":"Excursions"},"content":{"rendered":"<div data-elementor-type=\"wp-page\" data-elementor-id=\"37\" class=\"elementor elementor-37\">\n\t\t\t\t\t\t<section class=\"elementor-section elementor-top-section elementor-element elementor-element-901e527 elementor-section-full_width elementor-section-height-min-height elementor-section-items-stretch elementor-section-content-bottom elementor-section-height-default\" data-id=\"901e527\" data-element_type=\"section\" data-e-type=\"section\" data-settings=\"{&quot;background_background&quot;:&quot;classic&quot;,&quot;shape_divider_bottom&quot;:&quot;waves&quot;}\">\n\t\t\t\t\t\t\t<div class=\"elementor-background-overlay\"><\/div>\n\t\t\t\t\t\t<div class=\"elementor-shape elementor-shape-bottom\" aria-hidden=\"true\" data-negative=\"false\">\n\t\t\t<svg xmlns=\"http:\/\/www.w3.org\/2000\/svg\" viewbox=\"0 0 1000 100\" preserveaspectratio=\"none\">\n\t<path class=\"elementor-shape-fill\" d=\"M421.9,6.5c22.6-2.5,51.5,0.4,75.5,5.3c23.6,4.9,70.9,23.5,100.5,35.7c75.8,32.2,133.7,44.5,192.6,49.7\tc23.6,2.1,48.7,3.5,103.4-2.5c54.7-6,106.2-25.6,106.2-25.6V0H0v30.3c0,0,72,32.6,158.4,30.5c39.2-0.7,92.8-6.7,134-22.4\tc21.2-8.1,52.2-18.2,79.7-24.2C399.3,7.9,411.6,7.5,421.9,6.5z\"\/>\n<\/svg>\t\t<\/div>\n\t\t\t\t\t<div class=\"elementor-container elementor-column-gap-default\">\n\t\t\t\t\t<div class=\"elementor-column elementor-col-100 elementor-top-column elementor-element elementor-element-f4c8d17\" data-id=\"f4c8d17\" data-element_type=\"column\" data-e-type=\"column\">\n\t\t\t<div class=\"elementor-widget-wrap elementor-element-populated\">\n\t\t\t\t\t\t<div class=\"elementor-element elementor-element-40b86fa elementor-widget elementor-widget-heading\" data-id=\"40b86fa\" data-element_type=\"widget\" data-e-type=\"widget\" data-widget_type=\"heading.default\">\n\t\t\t\t<div class=\"elementor-widget-container\">\n\t\t\t\t\t<div class=\"elementor-heading-title elementor-size-default\">Kayaking initiation in Cabo de Gata<\/div>\t\t\t\t<\/div>\n\t\t\t\t<\/div>\n\t\t\t\t<div class=\"elementor-element elementor-element-13e2f82 elementor-widget elementor-widget-heading\" data-id=\"13e2f82\" data-element_type=\"widget\" data-e-type=\"widget\" data-widget_type=\"heading.default\">\n\t\t\t\t<div class=\"elementor-widget-container\">\n\t\t\t\t\t<h1 class=\"elementor-heading-title elementor-size-default\">excursions<\/h1>\t\t\t\t<\/div>\n\t\t\t\t<\/div>\n\t\t\t\t<section class=\"elementor-section elementor-inner-section elementor-element elementor-element-d7f6b49 elementor-section-full_width elementor-section-content-middle elementor-section-height-default elementor-section-height-default\" data-id=\"d7f6b49\" data-element_type=\"section\" data-e-type=\"section\">\n\t\t\t\t\t\t<div class=\"elementor-container elementor-column-gap-default\">\n\t\t\t\t\t<div class=\"elementor-column elementor-col-100 elementor-inner-column elementor-element elementor-element-ffe23bd\" data-id=\"ffe23bd\" data-element_type=\"column\" data-e-type=\"column\">\n\t\t\t<div class=\"elementor-widget-wrap elementor-element-populated\">\n\t\t\t\t\t\t<div class=\"elementor-element elementor-element-e0bfa56 elementor-widget__width-auto elementor-widget elementor-widget-heading\" data-id=\"e0bfa56\" data-element_type=\"widget\" data-e-type=\"widget\" data-widget_type=\"heading.default\">\n\t\t\t\t<div class=\"elementor-widget-container\">\n\t\t\t\t\t<div class=\"elementor-heading-title elementor-size-default\"><a href=\"https:\/\/happykayak.com\/en\/\">Home<\/a><\/div>\t\t\t\t<\/div>\n\t\t\t\t<\/div>\n\t\t\t\t<div class=\"elementor-element elementor-element-aeec651 elementor-widget__width-auto elementor-view-default elementor-widget elementor-widget-icon\" data-id=\"aeec651\" data-element_type=\"widget\" data-e-type=\"widget\" data-widget_type=\"icon.default\">\n\t\t\t\t<div class=\"elementor-widget-container\">\n\t\t\t\t\t\t\t<div class=\"elementor-icon-wrapper\">\n\t\t\t<div class=\"elementor-icon\">\n\t\t\t<i aria-hidden=\"true\" class=\"fas fa-chevron-right\"><\/i>\t\t\t<\/div>\n\t\t<\/div>\n\t\t\t\t\t\t<\/div>\n\t\t\t\t<\/div>\n\t\t\t\t<div class=\"elementor-element elementor-element-95ee29f elementor-widget__width-auto elementor-widget elementor-widget-heading\" data-id=\"95ee29f\" data-element_type=\"widget\" data-e-type=\"widget\" data-widget_type=\"heading.default\">\n\t\t\t\t<div class=\"elementor-widget-container\">\n\t\t\t\t\t<div class=\"elementor-heading-title elementor-size-default\">Excursions<\/div>\t\t\t\t<\/div>\n\t\t\t\t<\/div>\n\t\t\t\t\t<\/div>\n\t\t<\/div>\n\t\t\t\t\t<\/div>\n\t\t<\/section>\n\t\t\t\t\t<\/div>\n\t\t<\/div>\n\t\t\t\t\t<\/div>\n\t\t<\/section>\n\t\t\t\t<section class=\"elementor-section elementor-top-section elementor-element elementor-element-5de3d23 elementor-section-height-min-height elementor-section-items-stretch elementor-section-content-middle elementor-section-boxed elementor-section-height-default\" data-id=\"5de3d23\" data-element_type=\"section\" data-e-type=\"section\">\n\t\t\t\t\t\t<div class=\"elementor-container elementor-column-gap-default\">\n\t\t\t\t\t<div class=\"elementor-column elementor-col-33 elementor-top-column elementor-element elementor-element-222a636\" data-id=\"222a636\" data-element_type=\"column\" data-e-type=\"column\">\n\t\t\t<div class=\"elementor-widget-wrap elementor-element-populated\">\n\t\t\t\t\t\t<div class=\"elementor-element elementor-element-edf04fd elementor-widget__width-initial elementor-widget elementor-widget-heading\" data-id=\"edf04fd\" data-element_type=\"widget\" data-e-type=\"widget\" data-widget_type=\"heading.default\">\n\t\t\t\t<div class=\"elementor-widget-container\">\n\t\t\t\t\t<h1 class=\"elementor-heading-title elementor-size-default\">Guided kayak tours in Cabo de gata<\/h1>\t\t\t\t<\/div>\n\t\t\t\t<\/div>\n\t\t\t\t<div class=\"elementor-element elementor-element-3e16d89 elementor-widget__width-initial elementor-widget elementor-widget-text-editor\" data-id=\"3e16d89\" data-element_type=\"widget\" data-e-type=\"widget\" data-widget_type=\"text-editor.default\">\n\t\t\t\t<div class=\"elementor-widget-container\">\n\t\t\t\t\t\t\t\t\t<p>Enjoy kayaking in Cabo de Gata. We accompany you to tell you stories, geology, biodiversity, anecdotes and much more.<br \/>They are easy routes that go through unique and beautiful environments.  In addition, they are always planned in places sheltered from the waves produced by the wind.<\/p><p>Discover kayaking in Cabo de Gata with your family, couple or friends.<\/p>\t\t\t\t\t\t\t\t<\/div>\n\t\t\t\t<\/div>\n\t\t\t\t\t<\/div>\n\t\t<\/div>\n\t\t\t\t<div class=\"elementor-column elementor-col-33 elementor-top-column elementor-element elementor-element-e9e2ea7\" data-id=\"e9e2ea7\" data-element_type=\"column\" data-e-type=\"column\" data-settings=\"{&quot;background_background&quot;:&quot;classic&quot;}\">\n\t\t\t<div class=\"elementor-widget-wrap elementor-element-populated\">\n\t\t\t\t\t<div class=\"elementor-background-overlay\"><\/div>\n\t\t\t\t\t\t<div class=\"elementor-element elementor-element-8568b70 elementor-widget elementor-widget-spacer\" data-id=\"8568b70\" data-element_type=\"widget\" data-e-type=\"widget\" data-widget_type=\"spacer.default\">\n\t\t\t\t<div class=\"elementor-widget-container\">\n\t\t\t\t\t\t\t<div class=\"elementor-spacer\">\n\t\t\t<div class=\"elementor-spacer-inner\"><\/div>\n\t\t<\/div>\n\t\t\t\t\t\t<\/div>\n\t\t\t\t<\/div>\n\t\t\t\t<div class=\"elementor-element elementor-element-703fa67 elementor-widget__width-initial elementor-widget elementor-widget-heading\" data-id=\"703fa67\" data-element_type=\"widget\" data-e-type=\"widget\" data-widget_type=\"heading.default\">\n\t\t\t\t<div class=\"elementor-widget-container\">\n\t\t\t\t\t<h2 class=\"elementor-heading-title elementor-size-default\">Initiation excursions <br>3 hours<\/h2>\t\t\t\t<\/div>\n\t\t\t\t<\/div>\n\t\t\t\t<div class=\"elementor-element elementor-element-2d10350 elementor-tablet-align-justify elementor-mobile-align-justify elementor-widget elementor-widget-button\" data-id=\"2d10350\" data-element_type=\"widget\" data-e-type=\"widget\" data-widget_type=\"button.default\">\n\t\t\t\t<div class=\"elementor-widget-container\">\n\t\t\t\t\t\t\t\t\t<div class=\"elementor-button-wrapper\">\n\t\t\t\t\t<a class=\"elementor-button elementor-button-link elementor-size-sm\" href=\"https:\/\/happykayak.com\/en\/initiation-excursions-3-hours\/\">\n\t\t\t\t\t\t<span class=\"elementor-button-content-wrapper\">\n\t\t\t\t\t\t\t\t\t<span class=\"elementor-button-text\">Information and rates<\/span>\n\t\t\t\t\t<\/span>\n\t\t\t\t\t<\/a>\n\t\t\t\t<\/div>\n\t\t\t\t\t\t\t\t<\/div>\n\t\t\t\t<\/div>\n\t\t\t\t<div class=\"elementor-element elementor-element-4f3dc49 elementor-widget elementor-widget-spacer\" data-id=\"4f3dc49\" data-element_type=\"widget\" data-e-type=\"widget\" data-widget_type=\"spacer.default\">\n\t\t\t\t<div class=\"elementor-widget-container\">\n\t\t\t\t\t\t\t<div class=\"elementor-spacer\">\n\t\t\t<div class=\"elementor-spacer-inner\"><\/div>\n\t\t<\/div>\n\t\t\t\t\t\t<\/div>\n\t\t\t\t<\/div>\n\t\t\t\t\t<\/div>\n\t\t<\/div>\n\t\t\t\t<div class=\"elementor-column elementor-col-33 elementor-top-column elementor-element elementor-element-e5d4e25\" data-id=\"e5d4e25\" data-element_type=\"column\" data-e-type=\"column\" data-settings=\"{&quot;background_background&quot;:&quot;classic&quot;}\">\n\t\t\t<div class=\"elementor-widget-wrap elementor-element-populated\">\n\t\t\t\t\t<div class=\"elementor-background-overlay\"><\/div>\n\t\t\t\t\t\t<div class=\"elementor-element elementor-element-16de870 elementor-widget elementor-widget-spacer\" data-id=\"16de870\" data-element_type=\"widget\" data-e-type=\"widget\" data-widget_type=\"spacer.default\">\n\t\t\t\t<div class=\"elementor-widget-container\">\n\t\t\t\t\t\t\t<div class=\"elementor-spacer\">\n\t\t\t<div class=\"elementor-spacer-inner\"><\/div>\n\t\t<\/div>\n\t\t\t\t\t\t<\/div>\n\t\t\t\t<\/div>\n\t\t\t\t<div class=\"elementor-element elementor-element-361ebb4 elementor-widget__width-initial elementor-widget elementor-widget-heading\" data-id=\"361ebb4\" data-element_type=\"widget\" data-e-type=\"widget\" data-widget_type=\"heading.default\">\n\t\t\t\t<div class=\"elementor-widget-container\">\n\t\t\t\t\t<h2 class=\"elementor-heading-title elementor-size-default\">Initiation excursions <br>2 hours<\/h2>\t\t\t\t<\/div>\n\t\t\t\t<\/div>\n\t\t\t\t<div class=\"elementor-element elementor-element-a40a075 elementor-tablet-align-justify elementor-mobile-align-justify elementor-widget elementor-widget-button\" data-id=\"a40a075\" data-element_type=\"widget\" data-e-type=\"widget\" data-widget_type=\"button.default\">\n\t\t\t\t<div class=\"elementor-widget-container\">\n\t\t\t\t\t\t\t\t\t<div class=\"elementor-button-wrapper\">\n\t\t\t\t\t<a class=\"elementor-button elementor-button-link elementor-size-sm\" href=\"https:\/\/happykayak.com\/en\/excursions-initiation-2-hours\/\">\n\t\t\t\t\t\t<span class=\"elementor-button-content-wrapper\">\n\t\t\t\t\t\t\t\t\t<span class=\"elementor-button-text\">Information and rates<\/span>\n\t\t\t\t\t<\/span>\n\t\t\t\t\t<\/a>\n\t\t\t\t<\/div>\n\t\t\t\t\t\t\t\t<\/div>\n\t\t\t\t<\/div>\n\t\t\t\t<div class=\"elementor-element elementor-element-fea36e9 elementor-widget elementor-widget-spacer\" data-id=\"fea36e9\" data-element_type=\"widget\" data-e-type=\"widget\" data-widget_type=\"spacer.default\">\n\t\t\t\t<div class=\"elementor-widget-container\">\n\t\t\t\t\t\t\t<div class=\"elementor-spacer\">\n\t\t\t<div class=\"elementor-spacer-inner\"><\/div>\n\t\t<\/div>\n\t\t\t\t\t\t<\/div>\n\t\t\t\t<\/div>\n\t\t\t\t\t<\/div>\n\t\t<\/div>\n\t\t\t\t\t<\/div>\n\t\t<\/section>\n\t\t\t\t<\/div>","protected":false},"excerpt":{"rendered":"<p>Iniciaci\u00f3n al kayak en Cabo de Gata excursiones Home Excursiones Rutas guiadas de kayak en Cabo de gata Disfruta del kayak en Cabo de Gata. Te acompa\u00f1amos para contarte historias, geolog\u00eda, biodiversidad, an\u00e9cdotas y mucho m\u00e1s.Son rutas f\u00e1ciles que recorren entornos \u00fanicos y de gran [&hellip;]<\/p>\n","protected":false},"author":1,"featured_media":3278,"parent":0,"menu_order":0,"comment_status":"closed","ping_status":"closed","template":"","meta":{"site-sidebar-layout":"no-sidebar","site-content-layout":"page-builder","ast-site-content-layout":"default","site-content-style":"default","site-sidebar-style":"default","ast-global-header-display":"","ast-banner-title-visibility":"","ast-main-header-display":"","ast-hfb-above-header-display":"","ast-hfb-below-header-display":"","ast-hfb-mobile-header-display":"","site-post-title":"disabled","ast-breadcrumbs-content":"","ast-featured-img":"disabled","footer-sml-layout":"","ast-disable-related-posts":"","theme-transparent-header-meta":"","adv-header-id-meta":"","stick-header-meta":"","header-above-stick-meta":"","header-main-stick-meta":"","header-below-stick-meta":"","astra-migrate-meta-layouts":"default","ast-page-background-enabled":"default","ast-page-background-meta":{"desktop":{"background-color":"var(--ast-global-color-4)","background-image":"","background-repeat":"repeat","background-position":"center center","background-size":"auto","background-attachment":"scroll","background-type":"","background-media":"","overlay-type":"","overlay-color":"","overlay-opacity":"","overlay-gradient":""},"tablet":{"background-color":"","background-image":"","background-repeat":"repeat","background-position":"center center","background-size":"auto","background-attachment":"scroll","background-type":"","background-media":"","overlay-type":"","overlay-color":"","overlay-opacity":"","overlay-gradient":""},"mobile":{"background-color":"","background-image":"","background-repeat":"repeat","background-position":"center center","background-size":"auto","background-attachment":"scroll","background-type":"","background-media":"","overlay-type":"","overlay-color":"","overlay-opacity":"","overlay-gradient":""}},"ast-content-background-meta":{"desktop":{"background-color":"var(--ast-global-color-5)","background-image":"","background-repeat":"repeat","background-position":"center center","background-size":"auto","background-attachment":"scroll","background-type":"","background-media":"","overlay-type":"","overlay-color":"","overlay-opacity":"","overlay-gradient":""},"tablet":{"background-color":"var(--ast-global-color-5)","background-image":"","background-repeat":"repeat","background-position":"center center","background-size":"auto","background-attachment":"scroll","background-type":"","background-media":"","overlay-type":"","overlay-color":"","overlay-opacity":"","overlay-gradient":""},"mobile":{"background-color":"var(--ast-global-color-5)","background-image":"","background-repeat":"repeat","background-position":"center center","background-size":"auto","background-attachment":"scroll","background-type":"","background-media":"","overlay-type":"","overlay-color":"","overlay-opacity":"","overlay-gradient":""}},"footnotes":""},"class_list":["post-37","page","type-page","status-publish","has-post-thumbnail","hentry"],"yoast_head":"<!-- This site is optimized with the Yoast SEO plugin v27.3 - https:\/\/yoast.com\/product\/yoast-seo-wordpress\/ -->\n<title>Excursiones guiadas - Happy Kayak Cabo de Gata<\/title>\n<meta name=\"description\" content=\"Rutas guiadas en kayak en Cabo de Gata. Descubre en kayak el Parque Natural Cabo de Gata. Alquiler de kayak en San Jos\u00e9.\" \/>\n<meta name=\"robots\" content=\"index, follow, max-snippet:-1, max-image-preview:large, max-video-preview:-1\" \/>\n<link rel=\"canonical\" href=\"https:\/\/happykayak.com\/en\/excursions\/\" \/>\n<meta property=\"og:locale\" content=\"en_US\" \/>\n<meta property=\"og:type\" content=\"article\" \/>\n<meta property=\"og:title\" content=\"Excursiones guiadas - Happy Kayak Cabo de Gata\" \/>\n<meta property=\"og:description\" content=\"Rutas guiadas en kayak en Cabo de Gata. Descubre en kayak el Parque Natural Cabo de Gata. Alquiler de kayak en San Jos\u00e9.\" \/>\n<meta property=\"og:url\" content=\"https:\/\/happykayak.com\/en\/excursions\/\" \/>\n<meta property=\"og:site_name\" content=\"Happy Kayak\" \/>\n<meta property=\"article:publisher\" content=\"https:\/\/www.facebook.com\/happykayakcabodegata\" \/>\n<meta property=\"article:modified_time\" content=\"2024-07-31T16:10:27+00:00\" \/>\n<meta property=\"og:image\" content=\"https:\/\/happykayak.com\/wp-content\/uploads\/Kayak-Cabo-de-Gata.jpg\" \/>\n\t<meta property=\"og:image:width\" content=\"1920\" \/>\n\t<meta property=\"og:image:height\" content=\"864\" \/>\n\t<meta property=\"og:image:type\" content=\"image\/jpeg\" \/>\n<meta name=\"twitter:card\" content=\"summary_large_image\" \/>\n<meta name=\"twitter:label1\" content=\"Est. reading time\" \/>\n\t<meta name=\"twitter:data1\" content=\"1 minute\" \/>\n<script type=\"application\/ld+json\" class=\"yoast-schema-graph\">{\"@context\":\"https:\\\/\\\/schema.org\",\"@graph\":[{\"@type\":\"WebPage\",\"@id\":\"https:\\\/\\\/happykayak.com\\\/excursiones\\\/\",\"url\":\"https:\\\/\\\/happykayak.com\\\/excursiones\\\/\",\"name\":\"Excursiones guiadas - Happy Kayak Cabo de Gata\",\"isPartOf\":{\"@id\":\"https:\\\/\\\/happykayak.com\\\/#website\"},\"primaryImageOfPage\":{\"@id\":\"https:\\\/\\\/happykayak.com\\\/excursiones\\\/#primaryimage\"},\"image\":{\"@id\":\"https:\\\/\\\/happykayak.com\\\/excursiones\\\/#primaryimage\"},\"thumbnailUrl\":\"https:\\\/\\\/happykayak.com\\\/wp-content\\\/uploads\\\/Kayak-Cabo-de-Gata.jpg\",\"datePublished\":\"2022-06-06T18:17:55+00:00\",\"dateModified\":\"2024-07-31T16:10:27+00:00\",\"description\":\"Rutas guiadas en kayak en Cabo de Gata. Descubre en kayak el Parque Natural Cabo de Gata. Alquiler de kayak en San Jos\u00e9.\",\"breadcrumb\":{\"@id\":\"https:\\\/\\\/happykayak.com\\\/excursiones\\\/#breadcrumb\"},\"inLanguage\":\"en-US\",\"potentialAction\":[{\"@type\":\"ReadAction\",\"target\":[\"https:\\\/\\\/happykayak.com\\\/excursiones\\\/\"]}]},{\"@type\":\"ImageObject\",\"inLanguage\":\"en-US\",\"@id\":\"https:\\\/\\\/happykayak.com\\\/excursiones\\\/#primaryimage\",\"url\":\"https:\\\/\\\/happykayak.com\\\/wp-content\\\/uploads\\\/Kayak-Cabo-de-Gata.jpg\",\"contentUrl\":\"https:\\\/\\\/happykayak.com\\\/wp-content\\\/uploads\\\/Kayak-Cabo-de-Gata.jpg\",\"width\":1920,\"height\":864,\"caption\":\"Kayak en Cabo de Gata\"},{\"@type\":\"BreadcrumbList\",\"@id\":\"https:\\\/\\\/happykayak.com\\\/excursiones\\\/#breadcrumb\",\"itemListElement\":[{\"@type\":\"ListItem\",\"position\":1,\"name\":\"Portada\",\"item\":\"https:\\\/\\\/happykayak.com\\\/\"},{\"@type\":\"ListItem\",\"position\":2,\"name\":\"Excursiones\"}]},{\"@type\":\"WebSite\",\"@id\":\"https:\\\/\\\/happykayak.com\\\/#website\",\"url\":\"https:\\\/\\\/happykayak.com\\\/\",\"name\":\"Happy Kayak\",\"description\":\"\",\"publisher\":{\"@id\":\"https:\\\/\\\/happykayak.com\\\/#organization\"},\"potentialAction\":[{\"@type\":\"SearchAction\",\"target\":{\"@type\":\"EntryPoint\",\"urlTemplate\":\"https:\\\/\\\/happykayak.com\\\/?s={search_term_string}\"},\"query-input\":{\"@type\":\"PropertyValueSpecification\",\"valueRequired\":true,\"valueName\":\"search_term_string\"}}],\"inLanguage\":\"en-US\"},{\"@type\":\"Organization\",\"@id\":\"https:\\\/\\\/happykayak.com\\\/#organization\",\"name\":\"Happy Kayak Cabo de Gata\",\"url\":\"https:\\\/\\\/happykayak.com\\\/\",\"logo\":{\"@type\":\"ImageObject\",\"inLanguage\":\"en-US\",\"@id\":\"https:\\\/\\\/happykayak.com\\\/#\\\/schema\\\/logo\\\/image\\\/\",\"url\":\"https:\\\/\\\/happykayak.com\\\/wp-content\\\/uploads\\\/cropped-cropped-512x512_Happykayak.jpg\",\"contentUrl\":\"https:\\\/\\\/happykayak.com\\\/wp-content\\\/uploads\\\/cropped-cropped-512x512_Happykayak.jpg\",\"width\":512,\"height\":512,\"caption\":\"Happy Kayak Cabo de Gata\"},\"image\":{\"@id\":\"https:\\\/\\\/happykayak.com\\\/#\\\/schema\\\/logo\\\/image\\\/\"},\"sameAs\":[\"https:\\\/\\\/www.facebook.com\\\/happykayakcabodegata\",\"https:\\\/\\\/www.instagram.com\\\/happykayakcabodegata\\\/?hl=es\"]}]}<\/script>\n<!-- \/ Yoast SEO plugin. -->","yoast_head_json":{"title":"Guided excursions - Happy Kayak Cabo de Gata","description":"Guided kayak routes in Cabo de Gata. Discover in kayak the Cabo de Gata Natural Park. Kayak rental in San Jose.","robots":{"index":"index","follow":"follow","max-snippet":"max-snippet:-1","max-image-preview":"max-image-preview:large","max-video-preview":"max-video-preview:-1"},"canonical":"https:\/\/happykayak.com\/en\/excursions\/","og_locale":"en_US","og_type":"article","og_title":"Excursiones guiadas - Happy Kayak Cabo de Gata","og_description":"Rutas guiadas en kayak en Cabo de Gata. Descubre en kayak el Parque Natural Cabo de Gata. Alquiler de kayak en San Jos\u00e9.","og_url":"https:\/\/happykayak.com\/en\/excursions\/","og_site_name":"Happy Kayak","article_publisher":"https:\/\/www.facebook.com\/happykayakcabodegata","article_modified_time":"2024-07-31T16:10:27+00:00","og_image":[{"width":1920,"height":864,"url":"https:\/\/happykayak.com\/wp-content\/uploads\/Kayak-Cabo-de-Gata.jpg","type":"image\/jpeg"}],"twitter_card":"summary_large_image","twitter_misc":{"Est. reading time":"1 minute"},"schema":{"@context":"https:\/\/schema.org","@graph":[{"@type":"WebPage","@id":"https:\/\/happykayak.com\/excursiones\/","url":"https:\/\/happykayak.com\/excursiones\/","name":"Guided excursions - Happy Kayak Cabo de Gata","isPartOf":{"@id":"https:\/\/happykayak.com\/#website"},"primaryImageOfPage":{"@id":"https:\/\/happykayak.com\/excursiones\/#primaryimage"},"image":{"@id":"https:\/\/happykayak.com\/excursiones\/#primaryimage"},"thumbnailUrl":"https:\/\/happykayak.com\/wp-content\/uploads\/Kayak-Cabo-de-Gata.jpg","datePublished":"2022-06-06T18:17:55+00:00","dateModified":"2024-07-31T16:10:27+00:00","description":"Guided kayak routes in Cabo de Gata. Discover in kayak the Cabo de Gata Natural Park. Kayak rental in San Jose.","breadcrumb":{"@id":"https:\/\/happykayak.com\/excursiones\/#breadcrumb"},"inLanguage":"en-US","potentialAction":[{"@type":"ReadAction","target":["https:\/\/happykayak.com\/excursiones\/"]}]},{"@type":"ImageObject","inLanguage":"en-US","@id":"https:\/\/happykayak.com\/excursiones\/#primaryimage","url":"https:\/\/happykayak.com\/wp-content\/uploads\/Kayak-Cabo-de-Gata.jpg","contentUrl":"https:\/\/happykayak.com\/wp-content\/uploads\/Kayak-Cabo-de-Gata.jpg","width":1920,"height":864,"caption":"Kayak en Cabo de Gata"},{"@type":"BreadcrumbList","@id":"https:\/\/happykayak.com\/excursiones\/#breadcrumb","itemListElement":[{"@type":"ListItem","position":1,"name":"Portada","item":"https:\/\/happykayak.com\/"},{"@type":"ListItem","position":2,"name":"Excursiones"}]},{"@type":"WebSite","@id":"https:\/\/happykayak.com\/#website","url":"https:\/\/happykayak.com\/","name":"Happy Kayak","description":"","publisher":{"@id":"https:\/\/happykayak.com\/#organization"},"potentialAction":[{"@type":"SearchAction","target":{"@type":"EntryPoint","urlTemplate":"https:\/\/happykayak.com\/?s={search_term_string}"},"query-input":{"@type":"PropertyValueSpecification","valueRequired":true,"valueName":"search_term_string"}}],"inLanguage":"en-US"},{"@type":"Organization","@id":"https:\/\/happykayak.com\/#organization","name":"Happy Kayak Cabo de Gata","url":"https:\/\/happykayak.com\/","logo":{"@type":"ImageObject","inLanguage":"en-US","@id":"https:\/\/happykayak.com\/#\/schema\/logo\/image\/","url":"https:\/\/happykayak.com\/wp-content\/uploads\/cropped-cropped-512x512_Happykayak.jpg","contentUrl":"https:\/\/happykayak.com\/wp-content\/uploads\/cropped-cropped-512x512_Happykayak.jpg","width":512,"height":512,"caption":"Happy Kayak Cabo de Gata"},"image":{"@id":"https:\/\/happykayak.com\/#\/schema\/logo\/image\/"},"sameAs":["https:\/\/www.facebook.com\/happykayakcabodegata","https:\/\/www.instagram.com\/happykayakcabodegata\/?hl=es"]}]}},"_links":{"self":[{"href":"https:\/\/happykayak.com\/en\/wp-json\/wp\/v2\/pages\/37","targetHints":{"allow":["GET"]}}],"collection":[{"href":"https:\/\/happykayak.com\/en\/wp-json\/wp\/v2\/pages"}],"about":[{"href":"https:\/\/happykayak.com\/en\/wp-json\/wp\/v2\/types\/page"}],"author":[{"embeddable":true,"href":"https:\/\/happykayak.com\/en\/wp-json\/wp\/v2\/users\/1"}],"replies":[{"embeddable":true,"href":"https:\/\/happykayak.com\/en\/wp-json\/wp\/v2\/comments?post=37"}],"version-history":[{"count":43,"href":"https:\/\/happykayak.com\/en\/wp-json\/wp\/v2\/pages\/37\/revisions"}],"predecessor-version":[{"id":4052,"href":"https:\/\/happykayak.com\/en\/wp-json\/wp\/v2\/pages\/37\/revisions\/4052"}],"wp:featuredmedia":[{"embeddable":true,"href":"https:\/\/happykayak.com\/en\/wp-json\/wp\/v2\/media\/3278"}],"wp:attachment":[{"href":"https:\/\/happykayak.com\/en\/wp-json\/wp\/v2\/media?parent=37"}],"curies":[{"name":"wp","href":"https:\/\/api.w.org\/{rel}","templated":true}]}}