{"id":769,"date":"2022-06-13T18:20:17","date_gmt":"2022-06-13T16:20:17","guid":{"rendered":"https:\/\/happykayak.com\/?page_id=769"},"modified":"2024-05-29T19:05:09","modified_gmt":"2024-05-29T17:05:09","slug":"rental","status":"publish","type":"page","link":"https:\/\/happykayak.com\/en\/alquiler\/","title":{"rendered":"Rental"},"content":{"rendered":"<div data-elementor-type=\"wp-page\" data-elementor-id=\"769\" class=\"elementor elementor-769\">\n\t\t\t\t\t\t<section class=\"elementor-section elementor-top-section elementor-element elementor-element-25881e0 elementor-section-full_width elementor-section-height-min-height elementor-section-items-stretch elementor-section-content-bottom elementor-section-height-default\" data-id=\"25881e0\" data-element_type=\"section\" data-e-type=\"section\" data-settings=\"{&quot;background_background&quot;:&quot;classic&quot;,&quot;shape_divider_bottom&quot;:&quot;waves&quot;}\">\n\t\t\t\t\t\t\t<div class=\"elementor-background-overlay\"><\/div>\n\t\t\t\t\t\t<div class=\"elementor-shape elementor-shape-bottom\" aria-hidden=\"true\" data-negative=\"false\">\n\t\t\t<svg xmlns=\"http:\/\/www.w3.org\/2000\/svg\" viewbox=\"0 0 1000 100\" preserveaspectratio=\"none\">\n\t<path class=\"elementor-shape-fill\" d=\"M421.9,6.5c22.6-2.5,51.5,0.4,75.5,5.3c23.6,4.9,70.9,23.5,100.5,35.7c75.8,32.2,133.7,44.5,192.6,49.7\tc23.6,2.1,48.7,3.5,103.4-2.5c54.7-6,106.2-25.6,106.2-25.6V0H0v30.3c0,0,72,32.6,158.4,30.5c39.2-0.7,92.8-6.7,134-22.4\tc21.2-8.1,52.2-18.2,79.7-24.2C399.3,7.9,411.6,7.5,421.9,6.5z\"\/>\n<\/svg>\t\t<\/div>\n\t\t\t\t\t<div class=\"elementor-container elementor-column-gap-default\">\n\t\t\t\t\t<div class=\"elementor-column elementor-col-100 elementor-top-column elementor-element elementor-element-c0b0e37\" data-id=\"c0b0e37\" data-element_type=\"column\" data-e-type=\"column\">\n\t\t\t<div class=\"elementor-widget-wrap elementor-element-populated\">\n\t\t\t\t\t\t<div class=\"elementor-element elementor-element-9a17c7a elementor-widget elementor-widget-heading\" data-id=\"9a17c7a\" data-element_type=\"widget\" data-e-type=\"widget\" data-widget_type=\"heading.default\">\n\t\t\t\t<div class=\"elementor-widget-container\">\n\t\t\t\t\t<div class=\"elementor-heading-title elementor-size-default\">Boats<\/div>\t\t\t\t<\/div>\n\t\t\t\t<\/div>\n\t\t\t\t<div class=\"elementor-element elementor-element-8dbe069 elementor-widget elementor-widget-heading\" data-id=\"8dbe069\" data-element_type=\"widget\" data-e-type=\"widget\" data-widget_type=\"heading.default\">\n\t\t\t\t<div class=\"elementor-widget-container\">\n\t\t\t\t\t<h1 class=\"elementor-heading-title elementor-size-default\">Rental<\/h1>\t\t\t\t<\/div>\n\t\t\t\t<\/div>\n\t\t\t\t<section class=\"elementor-section elementor-inner-section elementor-element elementor-element-c8770b6 elementor-section-full_width elementor-section-content-middle elementor-section-height-default elementor-section-height-default\" data-id=\"c8770b6\" data-element_type=\"section\" data-e-type=\"section\">\n\t\t\t\t\t\t<div class=\"elementor-container elementor-column-gap-default\">\n\t\t\t\t\t<div class=\"elementor-column elementor-col-100 elementor-inner-column elementor-element elementor-element-01e9e3c\" data-id=\"01e9e3c\" data-element_type=\"column\" data-e-type=\"column\">\n\t\t\t<div class=\"elementor-widget-wrap elementor-element-populated\">\n\t\t\t\t\t\t<div class=\"elementor-element elementor-element-89e6eb3 elementor-widget__width-auto elementor-widget elementor-widget-heading\" data-id=\"89e6eb3\" data-element_type=\"widget\" data-e-type=\"widget\" data-widget_type=\"heading.default\">\n\t\t\t\t<div class=\"elementor-widget-container\">\n\t\t\t\t\t<div class=\"elementor-heading-title elementor-size-default\"><a href=\"https:\/\/happykayak.com\/en\/\">Home<\/a><\/div>\t\t\t\t<\/div>\n\t\t\t\t<\/div>\n\t\t\t\t<div class=\"elementor-element elementor-element-8effd28 elementor-widget__width-auto elementor-view-default elementor-widget elementor-widget-icon\" data-id=\"8effd28\" data-element_type=\"widget\" data-e-type=\"widget\" data-widget_type=\"icon.default\">\n\t\t\t\t<div class=\"elementor-widget-container\">\n\t\t\t\t\t\t\t<div class=\"elementor-icon-wrapper\">\n\t\t\t<div class=\"elementor-icon\">\n\t\t\t<i aria-hidden=\"true\" class=\"fas fa-chevron-right\"><\/i>\t\t\t<\/div>\n\t\t<\/div>\n\t\t\t\t\t\t<\/div>\n\t\t\t\t<\/div>\n\t\t\t\t<div class=\"elementor-element elementor-element-aab5683 elementor-widget__width-auto elementor-widget elementor-widget-heading\" data-id=\"aab5683\" data-element_type=\"widget\" data-e-type=\"widget\" data-widget_type=\"heading.default\">\n\t\t\t\t<div class=\"elementor-widget-container\">\n\t\t\t\t\t<div class=\"elementor-heading-title elementor-size-default\"><a href=\"https:\/\/happykayak.com\/en\/rental\/\">Rental<\/a><\/div>\t\t\t\t<\/div>\n\t\t\t\t<\/div>\n\t\t\t\t\t<\/div>\n\t\t<\/div>\n\t\t\t\t\t<\/div>\n\t\t<\/section>\n\t\t\t\t\t<\/div>\n\t\t<\/div>\n\t\t\t\t\t<\/div>\n\t\t<\/section>\n\t\t\t\t<section class=\"elementor-section elementor-top-section elementor-element elementor-element-bf7385d elementor-section-full_width elementor-section-height-min-height elementor-section-items-stretch elementor-section-content-middle elementor-section-height-default\" data-id=\"bf7385d\" data-element_type=\"section\" data-e-type=\"section\" data-settings=\"{&quot;background_background&quot;:&quot;classic&quot;}\">\n\t\t\t\t\t\t<div class=\"elementor-container elementor-column-gap-default\">\n\t\t\t\t\t<div class=\"elementor-column elementor-col-33 elementor-top-column elementor-element elementor-element-dbc3f8b\" data-id=\"dbc3f8b\" data-element_type=\"column\" data-e-type=\"column\">\n\t\t\t<div class=\"elementor-widget-wrap elementor-element-populated\">\n\t\t\t\t\t\t<div class=\"elementor-element elementor-element-5c44ed6 elementor-widget__width-initial elementor-widget elementor-widget-heading\" data-id=\"5c44ed6\" data-element_type=\"widget\" data-e-type=\"widget\" data-widget_type=\"heading.default\">\n\t\t\t\t<div class=\"elementor-widget-container\">\n\t\t\t\t\t<h1 class=\"elementor-heading-title elementor-size-default\">How do you want to navigate?<\/h1>\t\t\t\t<\/div>\n\t\t\t\t<\/div>\n\t\t\t\t<div class=\"elementor-element elementor-element-d1cd2c3 elementor-widget__width-initial elementor-widget elementor-widget-text-editor\" data-id=\"d1cd2c3\" data-element_type=\"widget\" data-e-type=\"widget\" data-widget_type=\"text-editor.default\">\n\t\t\t\t<div class=\"elementor-widget-container\">\n\t\t\t\t\t\t\t\t\t<p>Enjoy our rentals and don't stop SURFING or KAYAKING in Cabo de Gata because you don't have the necessary equipment. All our materials are top quality and at a very good price.<\/p>\t\t\t\t\t\t\t\t<\/div>\n\t\t\t\t<\/div>\n\t\t\t\t\t<\/div>\n\t\t<\/div>\n\t\t\t\t<div class=\"elementor-column elementor-col-33 elementor-top-column elementor-element elementor-element-2d9173b\" data-id=\"2d9173b\" data-element_type=\"column\" data-e-type=\"column\" data-settings=\"{&quot;background_background&quot;:&quot;classic&quot;}\">\n\t\t\t<div class=\"elementor-widget-wrap elementor-element-populated\">\n\t\t\t\t\t<div class=\"elementor-background-overlay\"><\/div>\n\t\t\t\t\t\t<div class=\"elementor-element elementor-element-b9baadf elementor-widget elementor-widget-spacer\" data-id=\"b9baadf\" data-element_type=\"widget\" data-e-type=\"widget\" data-widget_type=\"spacer.default\">\n\t\t\t\t<div class=\"elementor-widget-container\">\n\t\t\t\t\t\t\t<div class=\"elementor-spacer\">\n\t\t\t<div class=\"elementor-spacer-inner\"><\/div>\n\t\t<\/div>\n\t\t\t\t\t\t<\/div>\n\t\t\t\t<\/div>\n\t\t\t\t<div class=\"elementor-element elementor-element-83b7896 elementor-widget__width-initial elementor-widget elementor-widget-heading\" data-id=\"83b7896\" data-element_type=\"widget\" data-e-type=\"widget\" data-widget_type=\"heading.default\">\n\t\t\t\t<div class=\"elementor-widget-container\">\n\t\t\t\t\t<h2 class=\"elementor-heading-title elementor-size-default\">Kayak rental<\/h2>\t\t\t\t<\/div>\n\t\t\t\t<\/div>\n\t\t\t\t<div class=\"elementor-element elementor-element-a01962c elementor-mobile-align-justify elementor-widget elementor-widget-button\" data-id=\"a01962c\" data-element_type=\"widget\" data-e-type=\"widget\" data-widget_type=\"button.default\">\n\t\t\t\t<div class=\"elementor-widget-container\">\n\t\t\t\t\t\t\t\t\t<div class=\"elementor-button-wrapper\">\n\t\t\t\t\t<a class=\"elementor-button elementor-button-link elementor-size-sm\" href=\"https:\/\/happykayak.com\/en\/kayak-rental\/\">\n\t\t\t\t\t\t<span class=\"elementor-button-content-wrapper\">\n\t\t\t\t\t\t\t\t\t<span class=\"elementor-button-text\">Information and rates<\/span>\n\t\t\t\t\t<\/span>\n\t\t\t\t\t<\/a>\n\t\t\t\t<\/div>\n\t\t\t\t\t\t\t\t<\/div>\n\t\t\t\t<\/div>\n\t\t\t\t<div class=\"elementor-element elementor-element-a061faf elementor-widget elementor-widget-spacer\" data-id=\"a061faf\" data-element_type=\"widget\" data-e-type=\"widget\" data-widget_type=\"spacer.default\">\n\t\t\t\t<div class=\"elementor-widget-container\">\n\t\t\t\t\t\t\t<div class=\"elementor-spacer\">\n\t\t\t<div class=\"elementor-spacer-inner\"><\/div>\n\t\t<\/div>\n\t\t\t\t\t\t<\/div>\n\t\t\t\t<\/div>\n\t\t\t\t\t<\/div>\n\t\t<\/div>\n\t\t\t\t<div class=\"elementor-column elementor-col-33 elementor-top-column elementor-element elementor-element-af7f72f\" data-id=\"af7f72f\" data-element_type=\"column\" data-e-type=\"column\" data-settings=\"{&quot;background_background&quot;:&quot;classic&quot;}\">\n\t\t\t<div class=\"elementor-widget-wrap elementor-element-populated\">\n\t\t\t\t\t<div class=\"elementor-background-overlay\"><\/div>\n\t\t\t\t\t\t<div class=\"elementor-element elementor-element-a4ed70b elementor-widget elementor-widget-spacer\" data-id=\"a4ed70b\" data-element_type=\"widget\" data-e-type=\"widget\" data-widget_type=\"spacer.default\">\n\t\t\t\t<div class=\"elementor-widget-container\">\n\t\t\t\t\t\t\t<div class=\"elementor-spacer\">\n\t\t\t<div class=\"elementor-spacer-inner\"><\/div>\n\t\t<\/div>\n\t\t\t\t\t\t<\/div>\n\t\t\t\t<\/div>\n\t\t\t\t<div class=\"elementor-element elementor-element-0b72ee1 elementor-widget__width-initial elementor-widget elementor-widget-heading\" data-id=\"0b72ee1\" data-element_type=\"widget\" data-e-type=\"widget\" data-widget_type=\"heading.default\">\n\t\t\t\t<div class=\"elementor-widget-container\">\n\t\t\t\t\t<h2 class=\"elementor-heading-title elementor-size-default\">Surfboard rental<\/h2>\t\t\t\t<\/div>\n\t\t\t\t<\/div>\n\t\t\t\t<div class=\"elementor-element elementor-element-e2ec1fe elementor-mobile-align-justify elementor-widget elementor-widget-button\" data-id=\"e2ec1fe\" data-element_type=\"widget\" data-e-type=\"widget\" data-widget_type=\"button.default\">\n\t\t\t\t<div class=\"elementor-widget-container\">\n\t\t\t\t\t\t\t\t\t<div class=\"elementor-button-wrapper\">\n\t\t\t\t\t<a class=\"elementor-button elementor-button-link elementor-size-sm\" href=\"https:\/\/happykayak.com\/en\/surfboards-for-rent\/\">\n\t\t\t\t\t\t<span class=\"elementor-button-content-wrapper\">\n\t\t\t\t\t\t\t\t\t<span class=\"elementor-button-text\">Information and rates<\/span>\n\t\t\t\t\t<\/span>\n\t\t\t\t\t<\/a>\n\t\t\t\t<\/div>\n\t\t\t\t\t\t\t\t<\/div>\n\t\t\t\t<\/div>\n\t\t\t\t<div class=\"elementor-element elementor-element-d4b43d2 elementor-widget elementor-widget-spacer\" data-id=\"d4b43d2\" data-element_type=\"widget\" data-e-type=\"widget\" data-widget_type=\"spacer.default\">\n\t\t\t\t<div class=\"elementor-widget-container\">\n\t\t\t\t\t\t\t<div class=\"elementor-spacer\">\n\t\t\t<div class=\"elementor-spacer-inner\"><\/div>\n\t\t<\/div>\n\t\t\t\t\t\t<\/div>\n\t\t\t\t<\/div>\n\t\t\t\t\t<\/div>\n\t\t<\/div>\n\t\t\t\t\t<\/div>\n\t\t<\/section>\n\t\t\t\t<\/div>","protected":false},"excerpt":{"rendered":"<p>Embarcaciones Alquiler Home Alquiler \u00bfC\u00f3mo quieres navegar? Disfruta de nuestros alquileres y no dejes de hacer SURF\u00a0 o KAYAK en Cabo de Gata porque no tienes el material necesario. Todos nuestros materiales son de primera calidad y a muy buen precio. Alquiler de kayak Informaci\u00f3n [&hellip;]<\/p>\n","protected":false},"author":1,"featured_media":0,"parent":0,"menu_order":0,"comment_status":"closed","ping_status":"closed","template":"","meta":{"site-sidebar-layout":"no-sidebar","site-content-layout":"page-builder","ast-site-content-layout":"default","site-content-style":"default","site-sidebar-style":"default","ast-global-header-display":"","ast-banner-title-visibility":"","ast-main-header-display":"","ast-hfb-above-header-display":"","ast-hfb-below-header-display":"","ast-hfb-mobile-header-display":"","site-post-title":"disabled","ast-breadcrumbs-content":"","ast-featured-img":"disabled","footer-sml-layout":"","ast-disable-related-posts":"","theme-transparent-header-meta":"","adv-header-id-meta":"","stick-header-meta":"","header-above-stick-meta":"","header-main-stick-meta":"","header-below-stick-meta":"","astra-migrate-meta-layouts":"default","ast-page-background-enabled":"default","ast-page-background-meta":{"desktop":{"background-color":"var(--ast-global-color-4)","background-image":"","background-repeat":"repeat","background-position":"center center","background-size":"auto","background-attachment":"scroll","background-type":"","background-media":"","overlay-type":"","overlay-color":"","overlay-opacity":"","overlay-gradient":""},"tablet":{"background-color":"","background-image":"","background-repeat":"repeat","background-position":"center center","background-size":"auto","background-attachment":"scroll","background-type":"","background-media":"","overlay-type":"","overlay-color":"","overlay-opacity":"","overlay-gradient":""},"mobile":{"background-color":"","background-image":"","background-repeat":"repeat","background-position":"center center","background-size":"auto","background-attachment":"scroll","background-type":"","background-media":"","overlay-type":"","overlay-color":"","overlay-opacity":"","overlay-gradient":""}},"ast-content-background-meta":{"desktop":{"background-color":"var(--ast-global-color-5)","background-image":"","background-repeat":"repeat","background-position":"center center","background-size":"auto","background-attachment":"scroll","background-type":"","background-media":"","overlay-type":"","overlay-color":"","overlay-opacity":"","overlay-gradient":""},"tablet":{"background-color":"var(--ast-global-color-5)","background-image":"","background-repeat":"repeat","background-position":"center center","background-size":"auto","background-attachment":"scroll","background-type":"","background-media":"","overlay-type":"","overlay-color":"","overlay-opacity":"","overlay-gradient":""},"mobile":{"background-color":"var(--ast-global-color-5)","background-image":"","background-repeat":"repeat","background-position":"center center","background-size":"auto","background-attachment":"scroll","background-type":"","background-media":"","overlay-type":"","overlay-color":"","overlay-opacity":"","overlay-gradient":""}},"footnotes":""},"class_list":["post-769","page","type-page","status-publish","hentry"],"yoast_head":"<!-- This site is optimized with the Yoast SEO plugin v27.3 - https:\/\/yoast.com\/product\/yoast-seo-wordpress\/ -->\n<title>Alquiler de Kayak en Cabo de Gata - Happy Kayak Cabo de Gata<\/title>\n<meta name=\"description\" content=\"\u2705 Alquiler de Kayak en el Cabo de Gata-N\u00edjar. Alquiler de kayak y tablas de surf desde San Jos\u00e9, Almer\u00eda. \u00a1Descubre Cabo de Gata a tu ritmo!\" \/>\n<meta name=\"robots\" content=\"index, follow, max-snippet:-1, max-image-preview:large, max-video-preview:-1\" \/>\n<link rel=\"canonical\" href=\"https:\/\/happykayak.com\/en\/rental\/\" \/>\n<meta property=\"og:locale\" content=\"en_US\" \/>\n<meta property=\"og:type\" content=\"article\" \/>\n<meta property=\"og:title\" content=\"Alquiler de Kayak en Cabo de Gata - Happy Kayak Cabo de Gata\" \/>\n<meta property=\"og:description\" content=\"\u2705 Alquiler de Kayak en el Cabo de Gata-N\u00edjar. Alquiler de kayak y tablas de surf desde San Jos\u00e9, Almer\u00eda. \u00a1Descubre Cabo de Gata a tu ritmo!\" \/>\n<meta property=\"og:url\" content=\"https:\/\/happykayak.com\/en\/rental\/\" \/>\n<meta property=\"og:site_name\" content=\"Happy Kayak\" \/>\n<meta property=\"article:publisher\" content=\"https:\/\/www.facebook.com\/happykayakcabodegata\" \/>\n<meta property=\"article:modified_time\" content=\"2024-05-29T17:05:09+00:00\" \/>\n<meta name=\"twitter:card\" content=\"summary_large_image\" \/>\n<meta name=\"twitter:label1\" content=\"Est. reading time\" \/>\n\t<meta name=\"twitter:data1\" content=\"1 minute\" \/>\n<script type=\"application\/ld+json\" class=\"yoast-schema-graph\">{\"@context\":\"https:\\\/\\\/schema.org\",\"@graph\":[{\"@type\":\"WebPage\",\"@id\":\"https:\\\/\\\/happykayak.com\\\/alquiler\\\/\",\"url\":\"https:\\\/\\\/happykayak.com\\\/alquiler\\\/\",\"name\":\"Alquiler de Kayak en Cabo de Gata - Happy Kayak Cabo de Gata\",\"isPartOf\":{\"@id\":\"https:\\\/\\\/happykayak.com\\\/#website\"},\"datePublished\":\"2022-06-13T16:20:17+00:00\",\"dateModified\":\"2024-05-29T17:05:09+00:00\",\"description\":\"\u2705 Alquiler de Kayak en el Cabo de Gata-N\u00edjar. Alquiler de kayak y tablas de surf desde San Jos\u00e9, Almer\u00eda. \u00a1Descubre Cabo de Gata a tu ritmo!\",\"breadcrumb\":{\"@id\":\"https:\\\/\\\/happykayak.com\\\/alquiler\\\/#breadcrumb\"},\"inLanguage\":\"en-US\",\"potentialAction\":[{\"@type\":\"ReadAction\",\"target\":[\"https:\\\/\\\/happykayak.com\\\/alquiler\\\/\"]}]},{\"@type\":\"BreadcrumbList\",\"@id\":\"https:\\\/\\\/happykayak.com\\\/alquiler\\\/#breadcrumb\",\"itemListElement\":[{\"@type\":\"ListItem\",\"position\":1,\"name\":\"Portada\",\"item\":\"https:\\\/\\\/happykayak.com\\\/\"},{\"@type\":\"ListItem\",\"position\":2,\"name\":\"Alquiler\"}]},{\"@type\":\"WebSite\",\"@id\":\"https:\\\/\\\/happykayak.com\\\/#website\",\"url\":\"https:\\\/\\\/happykayak.com\\\/\",\"name\":\"Happy Kayak\",\"description\":\"\",\"publisher\":{\"@id\":\"https:\\\/\\\/happykayak.com\\\/#organization\"},\"potentialAction\":[{\"@type\":\"SearchAction\",\"target\":{\"@type\":\"EntryPoint\",\"urlTemplate\":\"https:\\\/\\\/happykayak.com\\\/?s={search_term_string}\"},\"query-input\":{\"@type\":\"PropertyValueSpecification\",\"valueRequired\":true,\"valueName\":\"search_term_string\"}}],\"inLanguage\":\"en-US\"},{\"@type\":\"Organization\",\"@id\":\"https:\\\/\\\/happykayak.com\\\/#organization\",\"name\":\"Happy Kayak Cabo de Gata\",\"url\":\"https:\\\/\\\/happykayak.com\\\/\",\"logo\":{\"@type\":\"ImageObject\",\"inLanguage\":\"en-US\",\"@id\":\"https:\\\/\\\/happykayak.com\\\/#\\\/schema\\\/logo\\\/image\\\/\",\"url\":\"https:\\\/\\\/happykayak.com\\\/wp-content\\\/uploads\\\/cropped-cropped-512x512_Happykayak.jpg\",\"contentUrl\":\"https:\\\/\\\/happykayak.com\\\/wp-content\\\/uploads\\\/cropped-cropped-512x512_Happykayak.jpg\",\"width\":512,\"height\":512,\"caption\":\"Happy Kayak Cabo de Gata\"},\"image\":{\"@id\":\"https:\\\/\\\/happykayak.com\\\/#\\\/schema\\\/logo\\\/image\\\/\"},\"sameAs\":[\"https:\\\/\\\/www.facebook.com\\\/happykayakcabodegata\",\"https:\\\/\\\/www.instagram.com\\\/happykayakcabodegata\\\/?hl=es\"]}]}<\/script>\n<!-- \/ Yoast SEO plugin. -->","yoast_head_json":{"title":"Kayak rental in Cabo de Gata - Happy Kayak Cabo de Gata","description":"\u2705 Kayak rental in Cabo de Gata-N\u00edjar. Kayak and surfboard rentals from San Jose, Almeria. Discover Cabo de Gata at your own pace!","robots":{"index":"index","follow":"follow","max-snippet":"max-snippet:-1","max-image-preview":"max-image-preview:large","max-video-preview":"max-video-preview:-1"},"canonical":"https:\/\/happykayak.com\/en\/rental\/","og_locale":"en_US","og_type":"article","og_title":"Alquiler de Kayak en Cabo de Gata - Happy Kayak Cabo de Gata","og_description":"\u2705 Alquiler de Kayak en el Cabo de Gata-N\u00edjar. Alquiler de kayak y tablas de surf desde San Jos\u00e9, Almer\u00eda. \u00a1Descubre Cabo de Gata a tu ritmo!","og_url":"https:\/\/happykayak.com\/en\/rental\/","og_site_name":"Happy Kayak","article_publisher":"https:\/\/www.facebook.com\/happykayakcabodegata","article_modified_time":"2024-05-29T17:05:09+00:00","twitter_card":"summary_large_image","twitter_misc":{"Est. reading time":"1 minute"},"schema":{"@context":"https:\/\/schema.org","@graph":[{"@type":"WebPage","@id":"https:\/\/happykayak.com\/alquiler\/","url":"https:\/\/happykayak.com\/alquiler\/","name":"Kayak rental in Cabo de Gata - Happy Kayak Cabo de Gata","isPartOf":{"@id":"https:\/\/happykayak.com\/#website"},"datePublished":"2022-06-13T16:20:17+00:00","dateModified":"2024-05-29T17:05:09+00:00","description":"\u2705 Kayak rental in Cabo de Gata-N\u00edjar. Kayak and surfboard rentals from San Jose, Almeria. Discover Cabo de Gata at your own pace!","breadcrumb":{"@id":"https:\/\/happykayak.com\/alquiler\/#breadcrumb"},"inLanguage":"en-US","potentialAction":[{"@type":"ReadAction","target":["https:\/\/happykayak.com\/alquiler\/"]}]},{"@type":"BreadcrumbList","@id":"https:\/\/happykayak.com\/alquiler\/#breadcrumb","itemListElement":[{"@type":"ListItem","position":1,"name":"Portada","item":"https:\/\/happykayak.com\/"},{"@type":"ListItem","position":2,"name":"Alquiler"}]},{"@type":"WebSite","@id":"https:\/\/happykayak.com\/#website","url":"https:\/\/happykayak.com\/","name":"Happy Kayak","description":"","publisher":{"@id":"https:\/\/happykayak.com\/#organization"},"potentialAction":[{"@type":"SearchAction","target":{"@type":"EntryPoint","urlTemplate":"https:\/\/happykayak.com\/?s={search_term_string}"},"query-input":{"@type":"PropertyValueSpecification","valueRequired":true,"valueName":"search_term_string"}}],"inLanguage":"en-US"},{"@type":"Organization","@id":"https:\/\/happykayak.com\/#organization","name":"Happy Kayak Cabo de Gata","url":"https:\/\/happykayak.com\/","logo":{"@type":"ImageObject","inLanguage":"en-US","@id":"https:\/\/happykayak.com\/#\/schema\/logo\/image\/","url":"https:\/\/happykayak.com\/wp-content\/uploads\/cropped-cropped-512x512_Happykayak.jpg","contentUrl":"https:\/\/happykayak.com\/wp-content\/uploads\/cropped-cropped-512x512_Happykayak.jpg","width":512,"height":512,"caption":"Happy Kayak Cabo de Gata"},"image":{"@id":"https:\/\/happykayak.com\/#\/schema\/logo\/image\/"},"sameAs":["https:\/\/www.facebook.com\/happykayakcabodegata","https:\/\/www.instagram.com\/happykayakcabodegata\/?hl=es"]}]}},"_links":{"self":[{"href":"https:\/\/happykayak.com\/en\/wp-json\/wp\/v2\/pages\/769","targetHints":{"allow":["GET"]}}],"collection":[{"href":"https:\/\/happykayak.com\/en\/wp-json\/wp\/v2\/pages"}],"about":[{"href":"https:\/\/happykayak.com\/en\/wp-json\/wp\/v2\/types\/page"}],"author":[{"embeddable":true,"href":"https:\/\/happykayak.com\/en\/wp-json\/wp\/v2\/users\/1"}],"replies":[{"embeddable":true,"href":"https:\/\/happykayak.com\/en\/wp-json\/wp\/v2\/comments?post=769"}],"version-history":[{"count":7,"href":"https:\/\/happykayak.com\/en\/wp-json\/wp\/v2\/pages\/769\/revisions"}],"predecessor-version":[{"id":4023,"href":"https:\/\/happykayak.com\/en\/wp-json\/wp\/v2\/pages\/769\/revisions\/4023"}],"wp:attachment":[{"href":"https:\/\/happykayak.com\/en\/wp-json\/wp\/v2\/media?parent=769"}],"curies":[{"name":"wp","href":"https:\/\/api.w.org\/{rel}","templated":true}]}}