{"id":1534,"date":"2022-06-22T18:07:53","date_gmt":"2022-06-22T16:07:53","guid":{"rendered":"https:\/\/happykayak.com\/?page_id=1534"},"modified":"2022-06-27T18:01:16","modified_gmt":"2022-06-27T16:01:16","slug":"politique-en-matiere-de-cookies","status":"publish","type":"page","link":"https:\/\/happykayak.com\/fr\/politica-de-cookies\/","title":{"rendered":"Politique en mati\u00e8re de cookies"},"content":{"rendered":"<div data-elementor-type=\"wp-page\" data-elementor-id=\"1534\" class=\"elementor elementor-1534\">\n\t\t\t\t\t\t<section class=\"elementor-section elementor-top-section elementor-element elementor-element-5019e3a elementor-section-boxed elementor-section-height-default elementor-section-height-default\" data-id=\"5019e3a\" data-element_type=\"section\" data-e-type=\"section\">\n\t\t\t\t\t\t<div class=\"elementor-container elementor-column-gap-default\">\n\t\t\t\t\t<div class=\"elementor-column elementor-col-100 elementor-top-column elementor-element elementor-element-8174bd9\" data-id=\"8174bd9\" data-element_type=\"column\" data-e-type=\"column\">\n\t\t\t<div class=\"elementor-widget-wrap elementor-element-populated\">\n\t\t\t\t\t\t<div class=\"elementor-element elementor-element-8301d2e elementor-widget elementor-widget-heading\" data-id=\"8301d2e\" data-element_type=\"widget\" data-e-type=\"widget\" data-widget_type=\"heading.default\">\n\t\t\t\t<div class=\"elementor-widget-container\">\n\t\t\t\t\t<h2 class=\"elementor-heading-title elementor-size-default\">Politique en mati\u00e8re de cookies<\/h2>\t\t\t\t<\/div>\n\t\t\t\t<\/div>\n\t\t\t\t<div class=\"elementor-element elementor-element-72db101 elementor-widget elementor-widget-text-editor\" data-id=\"72db101\" data-element_type=\"widget\" data-e-type=\"widget\" data-widget_type=\"text-editor.default\">\n\t\t\t\t<div class=\"elementor-widget-container\">\n\t\t\t\t\t\t\t\t\t<p><b>Utilisation des cookies<br>\n<\/b>Un cookie est un petit morceau de texte que les sites web que vous visitez envoient \u00e0 votre navigateur et qui permet au site web de se souvenir d'informations sur votre visite, comme votre langue pr\u00e9f\u00e9r\u00e9e et d'autres choix, ce qui peut faciliter votre prochaine visite et rendre le site plus utile pour vous. Les cookies jouent un r\u00f4le tr\u00e8s important, car sans eux, l'utilisation du web serait une exp\u00e9rience beaucoup plus frustrante.<\/p>\n<p><b>Types de cookies utilis\u00e9s par ce site web<\/b><br>\nNous utilisons des cookies \u00e0 des fins diverses, notamment pour m\u00e9moriser vos pr\u00e9f\u00e9rences linguistiques, compter le nombre de visites que nous recevons, vous aider \u00e0 vous inscrire \u00e0 nos services et prot\u00e9ger vos donn\u00e9es personnelles. Certains ou tous les cookies identifi\u00e9s ci-dessous peuvent \u00eatre stock\u00e9s dans votre navigateur. Dans la plupart des cas, le contenu des cookies est crypt\u00e9 pour votre s\u00e9curit\u00e9 et votre confidentialit\u00e9.<\/p>\n<table class=\"cookies-table table table-striped cke_show_border\">\n<tbody>\n<tr>\n<th>Cat\u00e9gorie d'utilisation<\/th>\n<th>Exemple<\/th>\n<\/tr>\n<tr>\n<td>Pr\u00e9f\u00e9rences<\/td>\n<td>\n<p>Ces cookies permettent \u00e0 nos sites Web de m\u00e9moriser des informations qui modifient l'aspect ou le comportement du site, comme votre langue pr\u00e9f\u00e9r\u00e9e. Ces cookies nous permettent \u00e9galement de vous montrer les dates et les heures dans votre fuseau horaire actuel.<\/p>\n<p>Tous les utilisateurs acc\u00e9dant au site auront un cookie \"langue\", par exemple, sp\u00e9cifiant votre langue pr\u00e9f\u00e9r\u00e9e pour la visualisation des pages.<\/p>\n<\/td>\n<\/tr>\n<tr>\n<td>S\u00e9curit\u00e9<\/td>\n<td>\n<p>Nous utilisons des cookies de s\u00e9curit\u00e9 pour authentifier les utilisateurs, emp\u00eacher l'utilisation frauduleuse des identifiants de connexion et prot\u00e9ger les donn\u00e9es des utilisateurs contre des tiers non autoris\u00e9s.<\/p>\n<p>Nous utilisons \u00e9galement ces cookies pour signer vos soumissions de formulaires afin d'\u00e9viter qu'ils n'attaquent notre infrastructure et ne compromettent les donn\u00e9es que vous soumettez.<\/p>\n<p>Un exemple d'un tel cookie serait le code que vous avez dans \"XSRF-TOKEN\".<\/p>\n<\/td>\n<\/tr>\n<tr>\n<td>Processus<\/td>\n<td>\n<p>Les cookies de processus permettent au site web de fonctionner et de fournir les services attendus par l'utilisateur qui acc\u00e8de au site web. Par exemple, ils permettent l'acc\u00e8s \u00e0 des zones s\u00e9curis\u00e9es du site web ou l'envoi de formulaires de contact.<\/p>\n<p>Sans ces cookies, le site web ne peut pas fonctionner correctement.<\/p>\n<\/td>\n<\/tr>\n<tr>\n<td>Statut de la session<\/td>\n<td>\n<p>Les sites web recueillent souvent des informations sur la mani\u00e8re dont les utilisateurs interagissent avec le site. Ces informations nous permettent, par exemple, de vous identifier en tant qu'utilisateur ou de conna\u00eetre les messages d'erreur que vous avez re\u00e7us sur certaines pages.<\/p>\n<p>Par exemple, nous utilisons un cookie appel\u00e9 \"SID\" qui nous permet d'identifier l'ID du compte d'un utilisateur.<\/p>\n<\/td>\n<\/tr>\n<tr>\n<td>Analyses<\/td>\n<td>\n<p>Nous utilisons \u00e9galement des outils d'analyse pour nous aider \u00e0 comprendre comment les visiteurs interagissent avec le site web. Nous pouvons utiliser un ensemble de cookies pour collecter des informations et \u00e9tablir des statistiques d'utilisation du site web sans identifier personnellement les visiteurs.&nbsp;<a href=\"https:\/\/developers.google.com\/analytics\/devguides\/collection\/analyticsjs\/cookie-usage\" target=\"_blank\" rel=\"noopener\" data-cke-saved-href=\"https:\/\/developers.google.com\/analytics\/devguides\/collection\/analyticsjs\/cookie-usage\" data-cke-saved-=\"\">En savoir plus sur les cookies Google Analytics et les informations sur la confidentialit\u00e9<\/a><\/p>\n<\/td>\n<\/tr>\n<tr>\n<td>Publicit\u00e9<\/td>\n<td>Ce site utilise l'outil de remarketing Google Adwords. Cet outil permet de diffuser des annonces sur le r\u00e9seau de contenu de Google en fonction des visites pr\u00e9c\u00e9dentes des utilisateurs sur notre site Web. Pour ce faire, les pages de notre site comportent une balise de remarketing qui d\u00e9finit des cookies pour d\u00e9terminer le type de publicit\u00e9 qui sera montr\u00e9 \u00e0 l'utilisateur en fonction de sa navigation sur le site. Les listes de remarketing sont stock\u00e9es dans des bases de donn\u00e9es sur les serveurs de google o\u00f9 sont stock\u00e9s les identifiants cooke associ\u00e9s \u00e0 chaque liste ou cat\u00e9gorie d'int\u00e9r\u00eat. Vous trouverez de plus amples informations sur l'utilisation des cookies publicitaires de Google et sur la mani\u00e8re de les d\u00e9sactiver \u00e0 l'adresse suivante&nbsp;<a href=\"http:\/\/www.google.es\/intl\/es\/policies\/technologies\/ads\/\" target=\"_blank\" rel=\"noopener\" data-cke-saved-href=\"http:\/\/www.google.es\/intl\/es\/policies\/technologies\/ads\/\" data-cke-saved-=\"\">http:\/\/www.google.es\/intl\/es\/policies\/technologies\/ads\/<\/a><\/td>\n<\/tr>\n<\/tbody>\n<\/table>\n<p><b>R\u00e9vocation et suppression des cookies<\/b><\/p>\n<p>Si vous le souhaitez, vous pouvez supprimer les cookies install\u00e9s sur votre ordinateur en configurant les options de votre navigateur. Certains navigateurs courants sont \u00e9num\u00e9r\u00e9s ci-dessous. Si le v\u00f4tre ne figure pas dans la liste, consultez le manuel d'aide officiel o\u00f9 vous trouverez probablement la marche \u00e0 suivre.<\/p>\n\n<ul>\n<li>Pour plus d'informations sur le navigateur Google Chrome <a href=\"https:\/\/support.google.com\/chrome\/answer\/2392709?hl=en&amp;visit_id=637919422958026722-1333155979&amp;rd=1\" target=\"_blank\" rel=\"noopener\">cliquez ici<\/a><\/li>\n<li>Pour plus d'informations sur le navigateur Mozilla Firefox <a href=\"https:\/\/support.mozilla.org\/en-US\/kb\/enhanced-tracking-protection-firefox-desktop?redirectslug=enable-and-disable-cookies-website-preferences&amp;redirectlocale=en-US\" target=\"_blank\" rel=\"noopener\">cliquez ici<\/a><\/li>\n<li>Pour plus d'informations sur le navigateur Apple Safari <a href=\"https:\/\/support.apple.com\/kb\/PH11913?locale=es_ES\" target=\"_blank\" rel=\"noopener\">cliquez ici<\/a><\/li>\n<li>Pour plus d'informations sur le navigateur Windows Internet Explorer <a href=\"https:\/\/support.microsoft.com\/es-es\/windows\" target=\"_blank\" rel=\"noopener\">cliquez ici<\/a><\/li>\n<li>Pour plus d'informations sur le navigateur Opera <a href=\"https:\/\/help.opera.com\/en\/latest\/web-preferences\/#cookies\" target=\"_blank\" rel=\"noopener\">cliquez ici<\/a><\/li>\n<\/ul>\n<p><b>Prestataires de services tiers<\/b><\/p>\n<p>Certains de nos cookies sont trait\u00e9s par des tiers que nous avons engag\u00e9s pour fournir un service sp\u00e9cifique. Vous trouverez ci-dessous des liens vers les diff\u00e9rentes politiques en mati\u00e8re de cookies de chacun d'entre eux. <a href=\"https:\/\/policies.google.com\/technologies\/cookies?hl=es&amp;gl=es\" target=\"_blank\" rel=\"noopener\">Google<\/a><\/p>\t\t\t\t\t\t\t\t<\/div>\n\t\t\t\t<\/div>\n\t\t\t\t\t<\/div>\n\t\t<\/div>\n\t\t\t\t\t<\/div>\n\t\t<\/section>\n\t\t\t\t<\/div>","protected":false},"excerpt":{"rendered":"<p>Pol\u00edtica de cookies Uso de Cookies Una cookie es un peque\u00f1o fragmento de texto que los sitios web que visitas env\u00edan al navegador y que permite que el sitio web recuerde informaci\u00f3n sobre tu visita, como tu idioma preferido y otras opciones, lo que puede [&hellip;]<\/p>\n","protected":false},"author":1,"featured_media":0,"parent":0,"menu_order":0,"comment_status":"closed","ping_status":"closed","template":"","meta":{"site-sidebar-layout":"no-sidebar","site-content-layout":"page-builder","ast-site-content-layout":"default","site-content-style":"default","site-sidebar-style":"default","ast-global-header-display":"","ast-banner-title-visibility":"","ast-main-header-display":"","ast-hfb-above-header-display":"","ast-hfb-below-header-display":"","ast-hfb-mobile-header-display":"","site-post-title":"disabled","ast-breadcrumbs-content":"","ast-featured-img":"disabled","footer-sml-layout":"","ast-disable-related-posts":"","theme-transparent-header-meta":"","adv-header-id-meta":"","stick-header-meta":"","header-above-stick-meta":"","header-main-stick-meta":"","header-below-stick-meta":"","astra-migrate-meta-layouts":"default","ast-page-background-enabled":"default","ast-page-background-meta":{"desktop":{"background-color":"var(--ast-global-color-4)","background-image":"","background-repeat":"repeat","background-position":"center center","background-size":"auto","background-attachment":"scroll","background-type":"","background-media":"","overlay-type":"","overlay-color":"","overlay-opacity":"","overlay-gradient":""},"tablet":{"background-color":"","background-image":"","background-repeat":"repeat","background-position":"center center","background-size":"auto","background-attachment":"scroll","background-type":"","background-media":"","overlay-type":"","overlay-color":"","overlay-opacity":"","overlay-gradient":""},"mobile":{"background-color":"","background-image":"","background-repeat":"repeat","background-position":"center center","background-size":"auto","background-attachment":"scroll","background-type":"","background-media":"","overlay-type":"","overlay-color":"","overlay-opacity":"","overlay-gradient":""}},"ast-content-background-meta":{"desktop":{"background-color":"var(--ast-global-color-5)","background-image":"","background-repeat":"repeat","background-position":"center center","background-size":"auto","background-attachment":"scroll","background-type":"","background-media":"","overlay-type":"","overlay-color":"","overlay-opacity":"","overlay-gradient":""},"tablet":{"background-color":"var(--ast-global-color-5)","background-image":"","background-repeat":"repeat","background-position":"center center","background-size":"auto","background-attachment":"scroll","background-type":"","background-media":"","overlay-type":"","overlay-color":"","overlay-opacity":"","overlay-gradient":""},"mobile":{"background-color":"var(--ast-global-color-5)","background-image":"","background-repeat":"repeat","background-position":"center center","background-size":"auto","background-attachment":"scroll","background-type":"","background-media":"","overlay-type":"","overlay-color":"","overlay-opacity":"","overlay-gradient":""}},"footnotes":""},"class_list":["post-1534","page","type-page","status-publish","hentry"],"yoast_head":"<!-- This site is optimized with the Yoast SEO plugin v27.4 - https:\/\/yoast.com\/product\/yoast-seo-wordpress\/ -->\n<title>Pol\u00edtica de cookies - Happy Kayak<\/title>\n<meta name=\"robots\" content=\"index, follow, max-snippet:-1, max-image-preview:large, max-video-preview:-1\" \/>\n<link rel=\"canonical\" href=\"https:\/\/happykayak.com\/fr\/politique-en-matiere-de-cookies\/\" \/>\n<meta property=\"og:locale\" content=\"fr_FR\" \/>\n<meta property=\"og:type\" content=\"article\" \/>\n<meta property=\"og:title\" content=\"Pol\u00edtica de cookies - Happy Kayak\" \/>\n<meta property=\"og:description\" content=\"Pol\u00edtica de cookies Uso de Cookies Una cookie es un peque\u00f1o fragmento de texto que los sitios web que visitas env\u00edan al navegador y que permite que el sitio web recuerde informaci\u00f3n sobre tu visita, como tu idioma preferido y otras opciones, lo que puede [&hellip;]\" \/>\n<meta property=\"og:url\" content=\"https:\/\/happykayak.com\/fr\/politique-en-matiere-de-cookies\/\" \/>\n<meta property=\"og:site_name\" content=\"Happy Kayak\" \/>\n<meta property=\"article:publisher\" content=\"https:\/\/www.facebook.com\/happykayakcabodegata\" \/>\n<meta property=\"article:modified_time\" content=\"2022-06-27T16:01:16+00:00\" \/>\n<meta name=\"twitter:card\" content=\"summary_large_image\" \/>\n<meta name=\"twitter:label1\" content=\"Dur\u00e9e de lecture estim\u00e9e\" \/>\n\t<meta name=\"twitter:data1\" content=\"4 minutes\" \/>\n<script type=\"application\/ld+json\" class=\"yoast-schema-graph\">{\"@context\":\"https:\\\/\\\/schema.org\",\"@graph\":[{\"@type\":\"WebPage\",\"@id\":\"https:\\\/\\\/happykayak.com\\\/en\\\/politica-de-cookies\\\/\",\"url\":\"https:\\\/\\\/happykayak.com\\\/en\\\/politica-de-cookies\\\/\",\"name\":\"Pol\u00edtica de cookies - Happy Kayak\",\"isPartOf\":{\"@id\":\"https:\\\/\\\/happykayak.com\\\/#website\"},\"datePublished\":\"2022-06-22T16:07:53+00:00\",\"dateModified\":\"2022-06-27T16:01:16+00:00\",\"breadcrumb\":{\"@id\":\"https:\\\/\\\/happykayak.com\\\/en\\\/politica-de-cookies\\\/#breadcrumb\"},\"inLanguage\":\"fr-FR\",\"potentialAction\":[{\"@type\":\"ReadAction\",\"target\":[\"https:\\\/\\\/happykayak.com\\\/en\\\/politica-de-cookies\\\/\"]}]},{\"@type\":\"BreadcrumbList\",\"@id\":\"https:\\\/\\\/happykayak.com\\\/en\\\/politica-de-cookies\\\/#breadcrumb\",\"itemListElement\":[{\"@type\":\"ListItem\",\"position\":1,\"name\":\"Portada\",\"item\":\"https:\\\/\\\/happykayak.com\\\/\"},{\"@type\":\"ListItem\",\"position\":2,\"name\":\"Pol\u00edtica de cookies\"}]},{\"@type\":\"WebSite\",\"@id\":\"https:\\\/\\\/happykayak.com\\\/#website\",\"url\":\"https:\\\/\\\/happykayak.com\\\/\",\"name\":\"Happy Kayak\",\"description\":\"\",\"publisher\":{\"@id\":\"https:\\\/\\\/happykayak.com\\\/#organization\"},\"potentialAction\":[{\"@type\":\"SearchAction\",\"target\":{\"@type\":\"EntryPoint\",\"urlTemplate\":\"https:\\\/\\\/happykayak.com\\\/?s={search_term_string}\"},\"query-input\":{\"@type\":\"PropertyValueSpecification\",\"valueRequired\":true,\"valueName\":\"search_term_string\"}}],\"inLanguage\":\"fr-FR\"},{\"@type\":\"Organization\",\"@id\":\"https:\\\/\\\/happykayak.com\\\/#organization\",\"name\":\"Happy Kayak Cabo de Gata\",\"url\":\"https:\\\/\\\/happykayak.com\\\/\",\"logo\":{\"@type\":\"ImageObject\",\"inLanguage\":\"fr-FR\",\"@id\":\"https:\\\/\\\/happykayak.com\\\/#\\\/schema\\\/logo\\\/image\\\/\",\"url\":\"https:\\\/\\\/happykayak.com\\\/wp-content\\\/uploads\\\/cropped-cropped-512x512_Happykayak.jpg\",\"contentUrl\":\"https:\\\/\\\/happykayak.com\\\/wp-content\\\/uploads\\\/cropped-cropped-512x512_Happykayak.jpg\",\"width\":512,\"height\":512,\"caption\":\"Happy Kayak Cabo de Gata\"},\"image\":{\"@id\":\"https:\\\/\\\/happykayak.com\\\/#\\\/schema\\\/logo\\\/image\\\/\"},\"sameAs\":[\"https:\\\/\\\/www.facebook.com\\\/happykayakcabodegata\",\"https:\\\/\\\/www.instagram.com\\\/happykayakcabodegata\\\/?hl=es\"]}]}<\/script>\n<!-- \/ Yoast SEO plugin. -->","yoast_head_json":{"title":"Politique en mati\u00e8re de cookies - Happy Kayak","robots":{"index":"index","follow":"follow","max-snippet":"max-snippet:-1","max-image-preview":"max-image-preview:large","max-video-preview":"max-video-preview:-1"},"canonical":"https:\/\/happykayak.com\/fr\/politique-en-matiere-de-cookies\/","og_locale":"fr_FR","og_type":"article","og_title":"Pol\u00edtica de cookies - Happy Kayak","og_description":"Pol\u00edtica de cookies Uso de Cookies Una cookie es un peque\u00f1o fragmento de texto que los sitios web que visitas env\u00edan al navegador y que permite que el sitio web recuerde informaci\u00f3n sobre tu visita, como tu idioma preferido y otras opciones, lo que puede [&hellip;]","og_url":"https:\/\/happykayak.com\/fr\/politique-en-matiere-de-cookies\/","og_site_name":"Happy Kayak","article_publisher":"https:\/\/www.facebook.com\/happykayakcabodegata","article_modified_time":"2022-06-27T16:01:16+00:00","twitter_card":"summary_large_image","twitter_misc":{"Dur\u00e9e de lecture estim\u00e9e":"4 minutes"},"schema":{"@context":"https:\/\/schema.org","@graph":[{"@type":"WebPage","@id":"https:\/\/happykayak.com\/en\/politica-de-cookies\/","url":"https:\/\/happykayak.com\/en\/politica-de-cookies\/","name":"Politique en mati\u00e8re de cookies - Happy Kayak","isPartOf":{"@id":"https:\/\/happykayak.com\/#website"},"datePublished":"2022-06-22T16:07:53+00:00","dateModified":"2022-06-27T16:01:16+00:00","breadcrumb":{"@id":"https:\/\/happykayak.com\/en\/politica-de-cookies\/#breadcrumb"},"inLanguage":"fr-FR","potentialAction":[{"@type":"ReadAction","target":["https:\/\/happykayak.com\/en\/politica-de-cookies\/"]}]},{"@type":"BreadcrumbList","@id":"https:\/\/happykayak.com\/en\/politica-de-cookies\/#breadcrumb","itemListElement":[{"@type":"ListItem","position":1,"name":"Portada","item":"https:\/\/happykayak.com\/"},{"@type":"ListItem","position":2,"name":"Pol\u00edtica de cookies"}]},{"@type":"WebSite","@id":"https:\/\/happykayak.com\/#website","url":"https:\/\/happykayak.com\/","name":"Happy Kayak","description":"","publisher":{"@id":"https:\/\/happykayak.com\/#organization"},"potentialAction":[{"@type":"SearchAction","target":{"@type":"EntryPoint","urlTemplate":"https:\/\/happykayak.com\/?s={search_term_string}"},"query-input":{"@type":"PropertyValueSpecification","valueRequired":true,"valueName":"search_term_string"}}],"inLanguage":"fr-FR"},{"@type":"Organization","@id":"https:\/\/happykayak.com\/#organization","name":"Happy Kayak Cabo de Gata","url":"https:\/\/happykayak.com\/","logo":{"@type":"ImageObject","inLanguage":"fr-FR","@id":"https:\/\/happykayak.com\/#\/schema\/logo\/image\/","url":"https:\/\/happykayak.com\/wp-content\/uploads\/cropped-cropped-512x512_Happykayak.jpg","contentUrl":"https:\/\/happykayak.com\/wp-content\/uploads\/cropped-cropped-512x512_Happykayak.jpg","width":512,"height":512,"caption":"Happy Kayak Cabo de Gata"},"image":{"@id":"https:\/\/happykayak.com\/#\/schema\/logo\/image\/"},"sameAs":["https:\/\/www.facebook.com\/happykayakcabodegata","https:\/\/www.instagram.com\/happykayakcabodegata\/?hl=es"]}]}},"_links":{"self":[{"href":"https:\/\/happykayak.com\/fr\/wp-json\/wp\/v2\/pages\/1534","targetHints":{"allow":["GET"]}}],"collection":[{"href":"https:\/\/happykayak.com\/fr\/wp-json\/wp\/v2\/pages"}],"about":[{"href":"https:\/\/happykayak.com\/fr\/wp-json\/wp\/v2\/types\/page"}],"author":[{"embeddable":true,"href":"https:\/\/happykayak.com\/fr\/wp-json\/wp\/v2\/users\/1"}],"replies":[{"embeddable":true,"href":"https:\/\/happykayak.com\/fr\/wp-json\/wp\/v2\/comments?post=1534"}],"version-history":[{"count":0,"href":"https:\/\/happykayak.com\/fr\/wp-json\/wp\/v2\/pages\/1534\/revisions"}],"wp:attachment":[{"href":"https:\/\/happykayak.com\/fr\/wp-json\/wp\/v2\/media?parent=1534"}],"curies":[{"name":"wp","href":"https:\/\/api.w.org\/{rel}","templated":true}]}}